{"id":991,"date":"2018-10-28T13:00:53","date_gmt":"2018-10-28T10:00:53","guid":{"rendered":"http:\/\/www.diclesevuk.com\/?page_id=991"},"modified":"2024-04-30T21:18:31","modified_gmt":"2024-04-30T18:18:31","slug":"op-dr-dicle-sevuk-hakkinda","status":"publish","type":"page","link":"https:\/\/www.diclesevuk.com\/en\/op-dr-dicle-sevuk-hakkinda\/","title":{"rendered":"About Dr. Dicle Sev\u00fck"},"content":{"rendered":"<p>She was born in Ankara in 1976. After graduating from Ankara Atat\u00fcrk Anatolian High School in 1994, she entered Ankara University Faculty of Medicine. She successfully graduated from her favorite faculty in 2000. In the same year, she started her specialty training at Ankara Numune Training and Research Hospital Plastic Surgery Clinic. She received versatile training in the field of plastic, reconstructive and aesthetic surgery. In addition to aesthetic surgery, she gained great experience in very important subjects of plastic surgery such as post-traumatic reconstructions, hand surgery, tumor surgeries and restorative surgeries, and craniofacial surgery, thanks to a wide variety of cases and surgeries. She completed her specialist training in 2006. She founded the plastic surgery clinic of Dr. M\u00fcnif \u0130slamo\u011flu Kastamonu State Hospital. She is the first physician to perform many surgeries, especially hand surgery and plastic surgery, in Kastamonu. She started working at Istanbul \u00dcmraniye Training and Research Hospital in 2011. Here, too, she treated numerous patients requiring plastic surgery and other reconstructive surgery. Over the past 12 years, she has gained valuable experience by always following and applying the most up-to-date aesthetic practices.<\/p>\n<p>She has been serving in her private practice in Ata\u015fehir Uphill Towers in Istanbul since 2018.<\/p>","protected":false},"excerpt":{"rendered":"<p>1976 y\u0131l\u0131nda Ankara\u2019da do\u011fdu. 1994 y\u0131l\u0131nda Ankara Atat\u00fcrk Anadolu Lisesi\u2019nden mezun olduktan sonra, Ankara \u00dcniversitesi T\u0131p Fak\u00fcltesi\u2019ni kazand\u0131. \u00c7ok severek okudu\u011fu Fak\u00fcltesi\u2019nden 2000 y\u0131l\u0131nda ba\u015far\u0131 ile mezun oldu. Ayn\u0131 y\u0131l Ankara Numune E\u011fitim ve Ara\u015ft\u0131rma Hastanesi Plastik Cerrahi Klini\u011fi\u2019nde uzmanl\u0131k e\u011fitimine ba\u015flad\u0131. Plastik, rekonstr\u00fcktif ve estetik cerrahi alan\u0131nda \u00e7ok y\u00f6nl\u00fc bir e\u011fitim ald\u0131. Estetik cerrahi &hellip;<\/p>","protected":false},"author":1,"featured_media":0,"parent":0,"menu_order":0,"comment_status":"closed","ping_status":"closed","template":"","meta":{"footnotes":""},"class_list":["post-991","page","type-page","status-publish","hentry"],"_links":{"self":[{"href":"https:\/\/www.diclesevuk.com\/en\/wp-json\/wp\/v2\/pages\/991"}],"collection":[{"href":"https:\/\/www.diclesevuk.com\/en\/wp-json\/wp\/v2\/pages"}],"about":[{"href":"https:\/\/www.diclesevuk.com\/en\/wp-json\/wp\/v2\/types\/page"}],"author":[{"embeddable":true,"href":"https:\/\/www.diclesevuk.com\/en\/wp-json\/wp\/v2\/users\/1"}],"replies":[{"embeddable":true,"href":"https:\/\/www.diclesevuk.com\/en\/wp-json\/wp\/v2\/comments?post=991"}],"version-history":[{"count":6,"href":"https:\/\/www.diclesevuk.com\/en\/wp-json\/wp\/v2\/pages\/991\/revisions"}],"predecessor-version":[{"id":1686,"href":"https:\/\/www.diclesevuk.com\/en\/wp-json\/wp\/v2\/pages\/991\/revisions\/1686"}],"wp:attachment":[{"href":"https:\/\/www.diclesevuk.com\/en\/wp-json\/wp\/v2\/media?parent=991"}],"curies":[{"name":"wp","href":"https:\/\/api.w.org\/{rel}","templated":true}]}}