{"id":757,"date":"2016-07-12T15:08:21","date_gmt":"2016-07-12T12:08:21","guid":{"rendered":"http:\/\/www.diclesevuk.com\/?page_id=757"},"modified":"2024-04-30T20:48:58","modified_gmt":"2024-04-30T17:48:58","slug":"op-dr-dicle-sevuk","status":"publish","type":"page","link":"https:\/\/www.diclesevuk.com\/en\/","title":{"rendered":"Op. Dr. Dicle Sev\u00fck &#8211; Merhaba"},"content":{"rendered":"<div id=\"pl-757\"  class=\"panel-layout\" >\n<div id=\"pg-757-0\"  class=\"panel-grid panel-no-style\" >\n<div id=\"pgc-757-0-0\"  class=\"panel-grid-cell\"  data-weight=\"1\" >\n<div id=\"panel-757-0-0-0\" class=\"so-panel widget widget_text panel-first-child panel-last-child\" data-index=\"0\" data-style=\"{&quot;background_image_attachment&quot;:false,&quot;background_display&quot;:&quot;tile&quot;}\" >\n<div class=\"textwidget\">\n<p>With Op. Dr. Dicle Sev\u00fck, the latest aesthetic and plastic surgery applications for you \u2026<\/p>\n<p>&nbsp;<\/p>\n<p>\"Over the years, I have learned that what is important in a dress is the woman who is wearing it.\" - <em>Yves Saint Laurent<\/em><\/p>\n<p><img loading=\"lazy\" decoding=\"async\" class=\"alignnone size-medium wp-image-882\" src=\"http:\/\/www.diclesevuk.com\/wp-content\/uploads\/2018\/09\/YSL-300x175.jpg\" alt=\"\" width=\"300\" height=\"175\" srcset=\"https:\/\/www.diclesevuk.com\/wp-content\/uploads\/2018\/09\/YSL-300x175.jpg 300w, https:\/\/www.diclesevuk.com\/wp-content\/uploads\/2018\/09\/YSL.jpg 687w, https:\/\/www.diclesevuk.com\/wp-content\/uploads\/2018\/09\/YSL-600x349.jpg 600w\" sizes=\"(max-width: 300px) 100vw, 300px\" \/><\/p>\n<\/div><\/div>\n<\/div>\n<\/div>\n<\/div>","protected":false},"excerpt":{"rendered":"<p>Op. Dr. Dicle Sev\u00fck, en yeni estetik ve plastik uygulamalarla sizlerle&#8230; &nbsp; \u201cZamanla elbiseden daha \u00f6nemli olan\u0131n onu giyen kad\u0131n oldu\u011funu \u00f6\u011frendim.\u201d &#8211; Yves Saint Laurent<\/p>","protected":false},"author":1,"featured_media":0,"parent":0,"menu_order":0,"comment_status":"closed","ping_status":"closed","template":"template-front-page-with-slider.php","meta":{"footnotes":""},"class_list":["post-757","page","type-page","status-publish","hentry"],"_links":{"self":[{"href":"https:\/\/www.diclesevuk.com\/en\/wp-json\/wp\/v2\/pages\/757"}],"collection":[{"href":"https:\/\/www.diclesevuk.com\/en\/wp-json\/wp\/v2\/pages"}],"about":[{"href":"https:\/\/www.diclesevuk.com\/en\/wp-json\/wp\/v2\/types\/page"}],"author":[{"embeddable":true,"href":"https:\/\/www.diclesevuk.com\/en\/wp-json\/wp\/v2\/users\/1"}],"replies":[{"embeddable":true,"href":"https:\/\/www.diclesevuk.com\/en\/wp-json\/wp\/v2\/comments?post=757"}],"version-history":[{"count":50,"href":"https:\/\/www.diclesevuk.com\/en\/wp-json\/wp\/v2\/pages\/757\/revisions"}],"predecessor-version":[{"id":1683,"href":"https:\/\/www.diclesevuk.com\/en\/wp-json\/wp\/v2\/pages\/757\/revisions\/1683"}],"wp:attachment":[{"href":"https:\/\/www.diclesevuk.com\/en\/wp-json\/wp\/v2\/media?parent=757"}],"curies":[{"name":"wp","href":"https:\/\/api.w.org\/{rel}","templated":true}]}}