{"id":730,"date":"2016-06-21T10:37:54","date_gmt":"2016-06-21T07:37:54","guid":{"rendered":"http:\/\/www.diclesevuk.com\/?page_id=730"},"modified":"2019-07-26T22:55:08","modified_gmt":"2019-07-26T19:55:08","slug":"erkekler-icin-estetik","status":"publish","type":"page","link":"https:\/\/www.diclesevuk.com\/en\/erkekler-icin-estetik\/","title":{"rendered":"Aesthetics for men"},"content":{"rendered":"<p style=\"text-align: center;\"><span style=\"color: #800080;\"><em><strong>\u2013 Do you want a renewed young skin and a tight body?<\/strong><\/em><\/span><\/p>\n<p><img loading=\"lazy\" decoding=\"async\" class=\"alignleft wp-image-744 size-medium\" src=\"http:\/\/www.diclesevuk.com\/wp-content\/uploads\/2016\/06\/man_singer_musician-291x300.jpg\" alt=\"man_singer_musician\" width=\"291\" height=\"300\" srcset=\"https:\/\/www.diclesevuk.com\/wp-content\/uploads\/2016\/06\/man_singer_musician-291x300.jpg 291w, https:\/\/www.diclesevuk.com\/wp-content\/uploads\/2016\/06\/man_singer_musician-600x619.jpg 600w, https:\/\/www.diclesevuk.com\/wp-content\/uploads\/2016\/06\/man_singer_musician-768x792.jpg 768w, https:\/\/www.diclesevuk.com\/wp-content\/uploads\/2016\/06\/man_singer_musician-993x1024.jpg 993w\" sizes=\"(max-width: 291px) 100vw, 291px\" \/><\/p>\n<p>Special botox, sweating treatment, filler applications and skin renewal aesthetic applications are offered for the male face. With these applications, you can have a renewed, youthful skin appearance, a solution to the sweating problem and a tighter body.<\/p>\n<p>You can click on it for detailed information about the applications;<\/p>\n<p><em>&#8211; <a href=\"https:\/\/www.diclesevuk.com\/en\/erkek_yuzune_ozel_botoks\/\">Special botox for the male face<\/a><\/em><br \/>\n<em>&#8211; <a href=\"https:\/\/www.diclesevuk.com\/en\/terleme-tedavileri\/\">Sweating treatment<\/a><\/em><br \/>\n<em>\u2013 Gynecomastia treatment<\/em><\/p>\n<p><span style=\"color: #993366;\"><em><strong>For all your other questions and the most up-to-date price information;<\/strong><\/em><\/span><br \/>\nYou can immediately call +90 542 255 92 99,<br \/>\n<a href=\"https:\/\/www.diclesevuk.com\/en\/contact-us\/\">You can fill out the contact form by clicking here<\/a>,<br \/>\n<a href=\"mailto:info@diclesevuk.com\">info@diclesevuk.com<\/a> You can send an e-mail to info@diclesevuk.com<\/p>\n<p>&nbsp;<\/p>","protected":false},"excerpt":{"rendered":"<p>\u2013 Yenilenmi\u015f gen\u00e7 bir cilt ve s\u0131k\u0131 bir v\u00fccut ister misiniz? Erkek y\u00fcz\u00fcne \u00f6zel botoks (brotoks), terleme tedavisi ve dolgu uygulamalar\u0131 ile cilt yenileme estetik uygulamalar\u0131 sunulmaktad\u0131r. Bu uygulamalar ile\u00a0yenilenmi\u015f gen\u00e7 bir cilt g\u00f6r\u00fcn\u00fcm\u00fcne, terleme problemine \u00e7\u00f6z\u00fcm sa\u011flayabilir ve daha s\u0131k\u0131 bir v\u00fccuda sahip olabilirsiniz. Uygulamalar hakk\u0131nda detayl\u0131 bilgi i\u00e7in \u00fczerine t\u0131klayabilirsiniz; &#8211; Erkek y\u00fcz\u00fcne &hellip;<\/p>","protected":false},"author":1,"featured_media":0,"parent":0,"menu_order":0,"comment_status":"closed","ping_status":"closed","template":"","meta":{"footnotes":""},"class_list":["post-730","page","type-page","status-publish","hentry"],"_links":{"self":[{"href":"https:\/\/www.diclesevuk.com\/en\/wp-json\/wp\/v2\/pages\/730"}],"collection":[{"href":"https:\/\/www.diclesevuk.com\/en\/wp-json\/wp\/v2\/pages"}],"about":[{"href":"https:\/\/www.diclesevuk.com\/en\/wp-json\/wp\/v2\/types\/page"}],"author":[{"embeddable":true,"href":"https:\/\/www.diclesevuk.com\/en\/wp-json\/wp\/v2\/users\/1"}],"replies":[{"embeddable":true,"href":"https:\/\/www.diclesevuk.com\/en\/wp-json\/wp\/v2\/comments?post=730"}],"version-history":[{"count":8,"href":"https:\/\/www.diclesevuk.com\/en\/wp-json\/wp\/v2\/pages\/730\/revisions"}],"predecessor-version":[{"id":1484,"href":"https:\/\/www.diclesevuk.com\/en\/wp-json\/wp\/v2\/pages\/730\/revisions\/1484"}],"wp:attachment":[{"href":"https:\/\/www.diclesevuk.com\/en\/wp-json\/wp\/v2\/media?parent=730"}],"curies":[{"name":"wp","href":"https:\/\/api.w.org\/{rel}","templated":true}]}}