{"id":617,"date":"2016-05-11T16:17:15","date_gmt":"2016-05-11T13:17:15","guid":{"rendered":"http:\/\/www.diclesevuk.com\/?page_id=617"},"modified":"2019-03-19T17:01:50","modified_gmt":"2019-03-19T14:01:50","slug":"erkek_yuzune_ozel_botoks","status":"publish","type":"page","link":"https:\/\/www.diclesevuk.com\/en\/erkek_yuzune_ozel_botoks\/","title":{"rendered":"Botox for men's face"},"content":{"rendered":"<p style=\"text-align: center;\"><strong><span style=\"color: #800080;\"><em>\u2013 Gentlemen, do you want a younger look on your face (Botox \/ Botox \/ Brotox)?<\/em><\/span><\/strong><\/p>\n<p><span style=\"font-weight: 400;\">Nowadays, in modern living conditions, men also want to improve their appearance and correct facial wrinkles; However, he is hesitant about Botox injections or facial fillers. The idea behind this hesitation is not because they do not want to look younger, but because they do not have many friends who do this, or because their friends who do this use Botox, etc. Because he didn't say he had it done. For these and similar reasons, only 1 in 10 Botox treatments are male patients. <\/span><\/p>\n<p><span style=\"font-weight: 400;\">In order to achieve the best results in male patients, Botox should be applied, taking into account the proportions of the male face, soft tissue thickness and stronger facial muscles.<\/span><\/p>\n<p><span style=\"color: #993366;\"><b><i>How Does Botox (Brotox) Work for Men?<\/i><\/b><\/span><\/p>\n<p><span style=\"font-weight: 400;\">To understand how Botox works for men, it is important to first understand how these injections work. Botox or botulinum toxin is a chemical that is very effective in relaxing muscles. Particularly to prevent wrinkles, certain doses are applied to target areas of the face (forehead lines and wrinkles around the eyes and between the eyebrows).<\/span><\/p>\n<p><span style=\"font-weight: 400;\">Injections are virtually painless and take only a few minutes to complete. After Botox treatment, the muscles gradually relax within a few days, and the full effect takes place within a few weeks. The targeted muscles relax, no longer creating strong wrinkles in the facial skin, thus reducing the appearance of wrinkles.<\/span><\/p>\n<p><span style=\"color: #993366;\"><b><i>Targeting the Right Areas: Achieving a Natural Look<\/i><\/b><\/span><\/p>\n<p><span style=\"font-weight: 400;\">One of the biggest fears of many male patients when they first come for Botox injections is that their treatment will cause them to have the same \u201cplastic\u201d appearance. If a Botox treatment is not done correctly, it is injected into the wrong areas or too much is used; It can certainly create an unnatural appearance for a patient.<\/span><\/p>\n<p><i><span style=\"font-weight: 400;\">Focusing on facial muscles:<\/span><\/i><span style=\"font-weight: 400;\"> The best Botox treatment for men tends to be around the eyes and forehead. Targeting these areas results in a rejuvenated appearance that looks much more natural.<\/span><\/p>\n<p><i><span style=\"font-weight: 400;\">Combining Botox with dermal fillers:<\/span><\/i><span style=\"font-weight: 400;\"> Generally, a Botox injection procedure; It can be effectively combined with dermal fillers (such as hyaluronic acid) to fill selective areas of the face (such as the corners of the mouth and chin). Thus, wrinkles can be significantly reduced while maintaining a very natural appearance.<\/span><\/p>\n<p><span style=\"color: #993366;\"><b><i>Who Is a Candidate for Botox Treatments?<\/i><\/b><\/span><\/p>\n<p><span style=\"font-weight: 400;\">Every patient has different reasons for receiving Botox treatment. Some men do this just for aesthetic purposes; Looking younger suits their personality better. Others believe that a younger, more vigorous appearance will make their jobs more competitive and improve their career prospects.<\/span><\/p>\n<p><span style=\"font-weight: 400;\">Botox injection; It is applied by taking into account your aesthetic goals and concerns and your facial features. It is very important to have treatment done by an experienced person to create a natural, youthful appearance.<\/span><\/p>\n<p><em><strong><span style=\"color: #993366;\">For all your other questions and the most up-to-date price information;<\/span><\/strong><\/em><br \/>\nYou can immediately call +90 542 255 92 99,<br \/>\n<a href=\"https:\/\/www.diclesevuk.com\/en\/contact-us\/\">You can fill out the contact form by clicking here<\/a>,<br \/>\n<a href=\"mailto:info@diclesevuk.com\">info@diclesevuk.com<\/a> You can send an e-mail to info@diclesevuk.com<\/p>\n<p><span style=\"font-weight: 400;\">* Individual results may vary and are not guaranteed.<\/span><\/p>","protected":false},"excerpt":{"rendered":"<p>&#8211; Baylar, y\u00fcz\u00fcn\u00fczde daha gen\u00e7 bir g\u00f6r\u00fcn\u00fcm ister misiniz (Botoks \/ Botox \/ Brotoks)? G\u00fcn\u00fcm\u00fczde modern ya\u015fam ko\u015fullar\u0131nda erkekler de g\u00f6r\u00fcn\u00fcm\u00fcn\u00fc iyile\u015ftirmek ve y\u00fcz k\u0131r\u0131\u015f\u0131kl\u0131klar\u0131n\u0131 d\u00fczeltmek ister; ancak Botoks enjeksiyonlar\u0131 veya y\u00fcze dolgu uygulamalar\u0131 konusunda ise teredd\u00fct eder. Bu \u00e7ekincenin ard\u0131ndaki d\u00fc\u015f\u00fcnce ise daha gen\u00e7 g\u00f6r\u00fcnmek istemedikleri i\u00e7in de\u011fil, bunu yapan \u00e7ok fazla arkada\u015f\u0131 olmad\u0131\u011f\u0131 &hellip;<\/p>","protected":false},"author":1,"featured_media":0,"parent":0,"menu_order":0,"comment_status":"closed","ping_status":"closed","template":"","meta":{"footnotes":""},"class_list":["post-617","page","type-page","status-publish","hentry"],"_links":{"self":[{"href":"https:\/\/www.diclesevuk.com\/en\/wp-json\/wp\/v2\/pages\/617"}],"collection":[{"href":"https:\/\/www.diclesevuk.com\/en\/wp-json\/wp\/v2\/pages"}],"about":[{"href":"https:\/\/www.diclesevuk.com\/en\/wp-json\/wp\/v2\/types\/page"}],"author":[{"embeddable":true,"href":"https:\/\/www.diclesevuk.com\/en\/wp-json\/wp\/v2\/users\/1"}],"replies":[{"embeddable":true,"href":"https:\/\/www.diclesevuk.com\/en\/wp-json\/wp\/v2\/comments?post=617"}],"version-history":[{"count":11,"href":"https:\/\/www.diclesevuk.com\/en\/wp-json\/wp\/v2\/pages\/617\/revisions"}],"predecessor-version":[{"id":1260,"href":"https:\/\/www.diclesevuk.com\/en\/wp-json\/wp\/v2\/pages\/617\/revisions\/1260"}],"wp:attachment":[{"href":"https:\/\/www.diclesevuk.com\/en\/wp-json\/wp\/v2\/media?parent=617"}],"curies":[{"name":"wp","href":"https:\/\/api.w.org\/{rel}","templated":true}]}}