{"id":612,"date":"2016-05-11T16:03:30","date_gmt":"2016-05-11T13:03:30","guid":{"rendered":"http:\/\/www.diclesevuk.com\/?page_id=612"},"modified":"2019-03-20T16:56:48","modified_gmt":"2019-03-20T13:56:48","slug":"meme-estetigi","status":"publish","type":"page","link":"https:\/\/www.diclesevuk.com\/en\/meme-estetigi\/","title":{"rendered":"Breast aesthetics"},"content":{"rendered":"<p style=\"text-align: center;\"><span style=\"color: #800080;\"><strong><em>\u2013 Do you want a more beautiful and self-confident appearance?<\/em><\/strong><\/span><\/p>\n<p><img loading=\"lazy\" decoding=\"async\" class=\"size-medium wp-image-832 alignleft\" src=\"http:\/\/www.diclesevuk.com\/wp-content\/uploads\/2016\/07\/woman-1468955_640-300x293.jpg\" alt=\"woman-1468955_640\" width=\"300\" height=\"293\" srcset=\"https:\/\/www.diclesevuk.com\/wp-content\/uploads\/2016\/07\/woman-1468955_640-300x293.jpg 300w, https:\/\/www.diclesevuk.com\/wp-content\/uploads\/2016\/07\/woman-1468955_640-600x585.jpg 600w, https:\/\/www.diclesevuk.com\/wp-content\/uploads\/2016\/07\/woman-1468955_640.jpg 640w\" sizes=\"(max-width: 300px) 100vw, 300px\" \/><\/p>\n<p>You can have a more beautiful body by performing aesthetic procedures such as breast enlargement, reduction, lifting, correcting asymmetry, nipple correction, etc.<\/p>\n<p>These aesthetic applications also increase self-confidence.<\/p>\n<p>You will see that the views on you differ.<\/p>\n<p><em>&#8211; <a href=\"https:\/\/www.diclesevuk.com\/en\/meme-buyutme\/\">Click to get information about breast enlargement.<\/a><\/em><br \/>\n<em>&#8211; <a href=\"https:\/\/www.diclesevuk.com\/en\/meme-kucultme\/\">Click to get information about breast reduction.<\/a><\/em><br \/>\n<em> &#8211; <a href=\"https:\/\/www.diclesevuk.com\/en\/meme-diklestirme\/\">Click to get information about breast lift.<\/a><\/em><\/p>\n<p><span style=\"color: #993366;\"><em><strong>For all your other questions and the most up-to-date price information;<\/strong><\/em><\/span><br \/>\nYou can immediately call +90 542 255 92 99,<br \/>\n<a href=\"https:\/\/www.diclesevuk.com\/en\/contact-us\/\">You can fill out the contact form by clicking here<\/a>,<br \/>\n<a href=\"mailto:info@diclesevuk.com\">info@diclesevuk.com<\/a> You can send an e-mail to info@diclesevuk.com<\/p>","protected":false},"excerpt":{"rendered":"<p>&#8211; Daha g\u00fczel \u00f6zg\u00fcvenli bir g\u00f6r\u00fcn\u00fcm ister misiniz? Meme b\u00fcy\u00fctme, k\u00fc\u00e7\u00fcltme, dikle\u015ftirme, asimetriyi d\u00fczeltme, meme ucu d\u00fczeltme vb estetik uygulamalar ger\u00e7ekle\u015ftirilerek, daha g\u00fczel bir v\u00fccuda sahip olabilirsiniz. Bu estetik uygulamalar \u00f6z g\u00fcveni de artt\u0131r\u0131r. Size bak\u0131\u015flar\u0131n farkl\u0131la\u015ft\u0131\u011f\u0131n\u0131 g\u00f6receksiniz. &#8211; Meme b\u00fcy\u00fctme hakk\u0131nda bilgi almak i\u00e7in t\u0131klay\u0131n\u0131z. &#8211; Meme k\u00fc\u00e7\u00fcltme hakk\u0131nda bilgi almak i\u00e7in t\u0131klay\u0131n\u0131z. &#8211; &hellip;<\/p>","protected":false},"author":1,"featured_media":0,"parent":0,"menu_order":0,"comment_status":"closed","ping_status":"closed","template":"","meta":{"footnotes":""},"class_list":["post-612","page","type-page","status-publish","hentry"],"_links":{"self":[{"href":"https:\/\/www.diclesevuk.com\/en\/wp-json\/wp\/v2\/pages\/612"}],"collection":[{"href":"https:\/\/www.diclesevuk.com\/en\/wp-json\/wp\/v2\/pages"}],"about":[{"href":"https:\/\/www.diclesevuk.com\/en\/wp-json\/wp\/v2\/types\/page"}],"author":[{"embeddable":true,"href":"https:\/\/www.diclesevuk.com\/en\/wp-json\/wp\/v2\/users\/1"}],"replies":[{"embeddable":true,"href":"https:\/\/www.diclesevuk.com\/en\/wp-json\/wp\/v2\/comments?post=612"}],"version-history":[{"count":13,"href":"https:\/\/www.diclesevuk.com\/en\/wp-json\/wp\/v2\/pages\/612\/revisions"}],"predecessor-version":[{"id":1288,"href":"https:\/\/www.diclesevuk.com\/en\/wp-json\/wp\/v2\/pages\/612\/revisions\/1288"}],"wp:attachment":[{"href":"https:\/\/www.diclesevuk.com\/en\/wp-json\/wp\/v2\/media?parent=612"}],"curies":[{"name":"wp","href":"https:\/\/api.w.org\/{rel}","templated":true}]}}