{"id":598,"date":"2016-05-11T15:51:28","date_gmt":"2016-05-11T12:51:28","guid":{"rendered":"http:\/\/www.diclesevuk.com\/?page_id=598"},"modified":"2019-05-24T16:36:27","modified_gmt":"2019-05-24T13:36:27","slug":"catlak-tedavileri","status":"publish","type":"page","link":"https:\/\/www.diclesevuk.com\/en\/catlak-tedavileri\/","title":{"rendered":"\u00c7atlak tedavileri"},"content":{"rendered":"<p style=\"text-align: center;\"><span style=\"color: #800080;\"><strong><em>\u2013 Gen\u00e7le\u015fmi\u015f bir cilt g\u00f6r\u00fcn\u00fcm\u00fc ister misiniz?<\/em><\/strong><\/span><\/p>\n<p style=\"text-align: center;\"><em><strong><img loading=\"lazy\" decoding=\"async\" class=\"size-medium wp-image-683 alignleft\" src=\"http:\/\/www.diclesevuk.com\/wp-content\/uploads\/2016\/06\/misska-1429544-e1466433212510-300x252.jpg\" alt=\"\" width=\"300\" height=\"252\" srcset=\"https:\/\/www.diclesevuk.com\/wp-content\/uploads\/2016\/06\/misska-1429544-e1466433212510-300x252.jpg 300w, https:\/\/www.diclesevuk.com\/wp-content\/uploads\/2016\/06\/misska-1429544-e1466433212510-600x504.jpg 600w, https:\/\/www.diclesevuk.com\/wp-content\/uploads\/2016\/06\/misska-1429544-e1466433212510-768x645.jpg 768w, https:\/\/www.diclesevuk.com\/wp-content\/uploads\/2016\/06\/misska-1429544-e1466433212510-1024x860.jpg 1024w, https:\/\/www.diclesevuk.com\/wp-content\/uploads\/2016\/06\/misska-1429544-e1466433212510.jpg 1518w\" sizes=\"(max-width: 300px) 100vw, 300px\" \/><\/strong><\/em><\/p>\n<p>&nbsp;<\/p>\n<p>Zamanla ciltlerde \u00e7atlaklar olu\u015fur. Baz\u0131 estetik uygulamalar ile cildinizdeki k\u0131r\u0131\u015f\u0131kl\u0131klara \u00e7\u00f6z\u00fcm \u00fcreterek, yeniden gen\u00e7 g\u00f6r\u00fcnmesini sa\u011flayabilirsiniz.<\/p>\n<p><em>&#8211; <a href=\"https:\/\/www.diclesevuk.com\/en\/kollajen-asisi\/\">Kollajen a\u015f\u0131s\u0131 hakk\u0131nda bilgi almak i\u00e7in t\u0131klay\u0131n\u0131z.<\/a><\/em><\/p>\n<p><span style=\"color: #993366;\"><em><strong>For all your questions and the most up-to-date price information;<\/strong><\/em><\/span><br \/>\nYou can immediately call +90 542 255 92 99,<br \/>\n<a href=\"https:\/\/www.diclesevuk.com\/en\/contact-us\/\">You can fill out the contact form by clicking here<\/a>,<br \/>\n<a href=\"mailto:info@diclesevuk.com\">info@diclesevuk.com<\/a> You can send an e-mail to info@diclesevuk.com<\/p>\n<p>&nbsp;<\/p>","protected":false},"excerpt":{"rendered":"<p>\u2013 Gen\u00e7le\u015fmi\u015f bir cilt g\u00f6r\u00fcn\u00fcm\u00fc ister misiniz? &nbsp; Zamanla ciltlerde \u00e7atlaklar olu\u015fur. Baz\u0131 estetik uygulamalar ile cildinizdeki k\u0131r\u0131\u015f\u0131kl\u0131klara \u00e7\u00f6z\u00fcm \u00fcreterek, yeniden gen\u00e7 g\u00f6r\u00fcnmesini sa\u011flayabilirsiniz. &#8211; Kollajen a\u015f\u0131s\u0131 hakk\u0131nda bilgi almak i\u00e7in t\u0131klay\u0131n\u0131z. T\u00fcm sorular\u0131n\u0131z ve en g\u00fcncel fiyat bilgisi i\u00e7in; Hemen 0 542 255 92 99 nolu telefonu arayabilir, Buraya t\u0131klayarak ileti\u015fim formunu doldurabilir, info@diclesevuk.com &hellip;<\/p>","protected":false},"author":1,"featured_media":0,"parent":0,"menu_order":0,"comment_status":"closed","ping_status":"closed","template":"","meta":{"footnotes":""},"class_list":["post-598","page","type-page","status-publish","hentry"],"_links":{"self":[{"href":"https:\/\/www.diclesevuk.com\/en\/wp-json\/wp\/v2\/pages\/598"}],"collection":[{"href":"https:\/\/www.diclesevuk.com\/en\/wp-json\/wp\/v2\/pages"}],"about":[{"href":"https:\/\/www.diclesevuk.com\/en\/wp-json\/wp\/v2\/types\/page"}],"author":[{"embeddable":true,"href":"https:\/\/www.diclesevuk.com\/en\/wp-json\/wp\/v2\/users\/1"}],"replies":[{"embeddable":true,"href":"https:\/\/www.diclesevuk.com\/en\/wp-json\/wp\/v2\/comments?post=598"}],"version-history":[{"count":9,"href":"https:\/\/www.diclesevuk.com\/en\/wp-json\/wp\/v2\/pages\/598\/revisions"}],"predecessor-version":[{"id":1337,"href":"https:\/\/www.diclesevuk.com\/en\/wp-json\/wp\/v2\/pages\/598\/revisions\/1337"}],"wp:attachment":[{"href":"https:\/\/www.diclesevuk.com\/en\/wp-json\/wp\/v2\/media?parent=598"}],"curies":[{"name":"wp","href":"https:\/\/api.w.org\/{rel}","templated":true}]}}