{"id":578,"date":"2016-07-15T13:05:51","date_gmt":"2016-07-15T10:05:51","guid":{"rendered":"http:\/\/www.diclesevuk.com\/?page_id=578"},"modified":"2019-03-20T17:31:22","modified_gmt":"2019-03-20T14:31:22","slug":"yuz-estetigi","status":"publish","type":"page","link":"https:\/\/www.diclesevuk.com\/en\/yuz-estetigi\/","title":{"rendered":"Y\u00fcz esteti\u011fi"},"content":{"rendered":"<p style=\"text-align: center;\"><em><strong><span style=\"color: #800080;\">\u2013 Daha g\u00fczel bir g\u00f6r\u00fcn\u00fcm ister misiniz?<\/span><\/strong><\/em><\/p>\n<p><img loading=\"lazy\" decoding=\"async\" class=\"size-medium wp-image-844 alignleft\" src=\"http:\/\/www.diclesevuk.com\/wp-content\/uploads\/2016\/07\/model-739668_640-300x200.jpg\" alt=\"model-739668_640\" width=\"300\" height=\"200\" srcset=\"https:\/\/www.diclesevuk.com\/wp-content\/uploads\/2016\/07\/model-739668_640-300x200.jpg 300w, https:\/\/www.diclesevuk.com\/wp-content\/uploads\/2016\/07\/model-739668_640-600x399.jpg 600w, https:\/\/www.diclesevuk.com\/wp-content\/uploads\/2016\/07\/model-739668_640-360x240.jpg 360w, https:\/\/www.diclesevuk.com\/wp-content\/uploads\/2016\/07\/model-739668_640.jpg 640w\" sizes=\"(max-width: 300px) 100vw, 300px\" \/>Y\u00fcz germe, y\u00fczdeki deformitelerin giderilmesi, \u00e7ene ucu \u015fekillendirme, g\u00f6z kapa\u011f\u0131 esteti\u011fi, kulak esteti\u011fi vb. uygulamalar\u0131m\u0131z ile sizlere, y\u00fcz\u00fcn\u00fczde gen\u00e7le\u015fme sa\u011flayabiliriz.<\/p>\n<p>You can click on it for detailed information about the applications;<\/p>\n<p><em>&#8211; <a href=\"https:\/\/www.diclesevuk.com\/en\/otoplasti\/\">Kulak esteti\u011fi<\/a><\/em><br \/>\n<em>&#8211; <a href=\"https:\/\/www.diclesevuk.com\/en\/cene-ucunu-sekillendirme\/\">\u00c7ene ucunu \u015fekillendirme<\/a><\/em><br \/>\n<em>&#8211; <a href=\"https:\/\/www.diclesevuk.com\/en\/goz-kapagi-estetigi\/\">G\u00f6z kapa\u011f\u0131 esteti\u011fi<\/a><\/em><\/p>\n<p>&nbsp;<\/p>\n<p><span style=\"color: #993366;\"><em><strong>For all your other questions and the most up-to-date price information;<\/strong><\/em><\/span><br \/>\nYou can immediately call +90 542 255 92 99,<br \/>\n<a href=\"https:\/\/www.diclesevuk.com\/en\/contact-us\/\">You can fill out the contact form by clicking here<\/a>,<br \/>\n<a href=\"mailto:info@diclesevuk.com\">info@diclesevuk.com<\/a> You can send an e-mail to info@diclesevuk.com<\/p>\n<p>&nbsp;<\/p>","protected":false},"excerpt":{"rendered":"<p>\u2013 Daha g\u00fczel bir g\u00f6r\u00fcn\u00fcm ister misiniz? Y\u00fcz germe, y\u00fczdeki deformitelerin giderilmesi, \u00e7ene ucu \u015fekillendirme, g\u00f6z kapa\u011f\u0131 esteti\u011fi, kulak esteti\u011fi vb. uygulamalar\u0131m\u0131z ile sizlere, y\u00fcz\u00fcn\u00fczde gen\u00e7le\u015fme sa\u011flayabiliriz. Uygulamalar hakk\u0131nda detayl\u0131 bilgi i\u00e7in \u00fczerine t\u0131klayabilirsiniz; &#8211; Kulak esteti\u011fi &#8211; \u00c7ene ucunu \u015fekillendirme &#8211; G\u00f6z kapa\u011f\u0131 esteti\u011fi &nbsp; Di\u011fer t\u00fcm sorular\u0131n\u0131z ve en g\u00fcncel fiyat bilgisi i\u00e7in; &hellip;<\/p>","protected":false},"author":1,"featured_media":0,"parent":0,"menu_order":0,"comment_status":"closed","ping_status":"closed","template":"","meta":{"footnotes":""},"class_list":["post-578","page","type-page","status-publish","hentry"],"_links":{"self":[{"href":"https:\/\/www.diclesevuk.com\/en\/wp-json\/wp\/v2\/pages\/578"}],"collection":[{"href":"https:\/\/www.diclesevuk.com\/en\/wp-json\/wp\/v2\/pages"}],"about":[{"href":"https:\/\/www.diclesevuk.com\/en\/wp-json\/wp\/v2\/types\/page"}],"author":[{"embeddable":true,"href":"https:\/\/www.diclesevuk.com\/en\/wp-json\/wp\/v2\/users\/1"}],"replies":[{"embeddable":true,"href":"https:\/\/www.diclesevuk.com\/en\/wp-json\/wp\/v2\/comments?post=578"}],"version-history":[{"count":11,"href":"https:\/\/www.diclesevuk.com\/en\/wp-json\/wp\/v2\/pages\/578\/revisions"}],"predecessor-version":[{"id":1299,"href":"https:\/\/www.diclesevuk.com\/en\/wp-json\/wp\/v2\/pages\/578\/revisions\/1299"}],"wp:attachment":[{"href":"https:\/\/www.diclesevuk.com\/en\/wp-json\/wp\/v2\/media?parent=578"}],"curies":[{"name":"wp","href":"https:\/\/api.w.org\/{rel}","templated":true}]}}