{"id":569,"date":"2016-05-10T17:32:58","date_gmt":"2016-05-10T14:32:58","guid":{"rendered":"http:\/\/www.diclesevuk.com\/?page_id=569"},"modified":"2019-09-19T16:17:29","modified_gmt":"2019-09-19T13:17:29","slug":"meme-kucultme","status":"publish","type":"page","link":"https:\/\/www.diclesevuk.com\/en\/meme-kucultme\/","title":{"rendered":"Breast reduction (Reduction mammaplasty)"},"content":{"rendered":"<p style=\"text-align: center;\"><span style=\"color: #800080;\"><strong><em>\u2013 Do you want your breasts to be beautiful and shaped?<\/em><\/strong><\/span><\/p>\n<p><img loading=\"lazy\" decoding=\"async\" class=\"size-medium wp-image-832 alignleft\" src=\"http:\/\/www.diclesevuk.com\/wp-content\/uploads\/2016\/07\/woman-1468955_640-300x293.jpg\" alt=\"\" width=\"300\" height=\"293\" srcset=\"https:\/\/www.diclesevuk.com\/wp-content\/uploads\/2016\/07\/woman-1468955_640-300x293.jpg 300w, https:\/\/www.diclesevuk.com\/wp-content\/uploads\/2016\/07\/woman-1468955_640-600x585.jpg 600w, https:\/\/www.diclesevuk.com\/wp-content\/uploads\/2016\/07\/woman-1468955_640.jpg 640w\" sizes=\"(max-width: 300px) 100vw, 300px\" \/><\/p>\n<p><span style=\"font-weight: 400;\">Breast reduction, known technically as reduction mammoplasty, is performed as a solution to the following conditions caused by large breasts:\u00a0<\/span><span style=\"font-weight: 400;\"><br \/>\n<\/span><\/p>\n<p><span style=\"font-weight: 400;\">\u00a0 \u00a0\u2013 Achieving an aesthetic appearance<\/span><span style=\"font-weight: 400;\"><br \/>\n<\/span><span style=\"font-weight: 400;\">\u00a0 \u00a0\u2013 Back, neck and shoulder pain<\/span><span style=\"font-weight: 400;\"><br \/>\n<\/span><span style=\"font-weight: 400;\">\u00a0 \u00a0\u2013 Skin irritation, odor problems in non-breathable tissue<\/span><span style=\"font-weight: 400;\"><br \/>\n<\/span><span style=\"font-weight: 400;\">\u00a0 \u00a0\u2013 Deformity in the shoulders<\/span><span style=\"font-weight: 400;\"><br \/>\n<\/span><span style=\"font-weight: 400;\">\u00a0 \u00a0\u2013 Restriction in physical activities<\/span><span style=\"font-weight: 400;\"><br \/>\n<\/span><span style=\"font-weight: 400;\">\u00a0 \u00a0\u2013 Inability to wear desired clothes<\/span><span style=\"font-weight: 400;\"><br \/>\n<\/span><\/p>\n<p><span style=\"font-weight: 400;\">Process; It removes fat, breast tissues and skin from the breasts, making them smaller, lighter and firmer. It may also reduce the size of the areola (the dark skin surrounding the nipple). The goal is to give women smaller, better-shaped breasts in proportion to the rest of the woman's body.<\/span><span style=\"font-weight: 400;\"><br \/>\n<\/span><span style=\"font-weight: 400;\"><br \/>\n<\/span><span style=\"font-weight: 400;\"><a href=\"https:\/\/www.diclesevuk.com\/en\/op-dr-dicle-sevuk-hakkinda\/\">Dr. Dicle Sev\u00fck<\/a>, offers aesthetic and artistic approaches with breast reduction aesthetic applications; It provides the highest level of care and treatment, from your initial consultation to your post-operative appointments.<\/span><span style=\"font-weight: 400;\"><br \/>\n<\/span><span style=\"font-weight: 400;\"><br \/>\n<\/span><span style=\"color: #993366;\"><strong><em>Step one: Inspection<\/em><\/strong><\/span><span style=\"font-weight: 400;\"><br \/>\n<\/span><\/p>\n<p><span style=\"font-weight: 400;\">At your first meeting, it is important to clearly discuss your expectations with your doctor and listen to his opinion. The desired size and shape of the breasts should be discussed.<\/span><span style=\"font-weight: 400;\"><br \/>\n<\/span><span style=\"font-weight: 400;\"><br \/>\n<\/span><span style=\"font-weight: 400;\">Dr. Dicle Sev\u00fck will examine and measure your breasts and photograph them before and after surgery. Dr. Dicle Sev\u00fck will discuss variables that may affect the procedure, such as your age, the size and shape of your breasts, and the condition of your skin.<\/span><span style=\"font-weight: 400;\"><br \/>\n<\/span><span style=\"font-weight: 400;\"><br \/>\n<\/span><span style=\"font-weight: 400;\">Dr. Dicle Sev\u00fck describes the procedure in detail, explains its risks and limitations, and explains in detail the scar that will result. He will also explain the anesthesia that will be used and the location where the surgery will be performed.<\/span><span style=\"font-weight: 400;\"><br \/>\n<\/span><span style=\"font-weight: 400;\"><br \/>\n<\/span><span style=\"color: #993366;\"><strong><em>Step two: Preparation<\/em><\/strong><\/span><span style=\"font-weight: 400;\"><br \/>\n<\/span><\/p>\n<p><span style=\"font-weight: 400;\">To evaluate breast health, your doctor may want you to have a mammogram (breast X-ray) before surgery. It will also give you information on how to prepare for surgery, including eating, drinking, smoking, and taking or avoiding certain vitamins and medications. Your doctor may recommend that you go on a diet before surgery.<\/span><span style=\"font-weight: 400;\"><br \/>\n<\/span><span style=\"font-weight: 400;\"><br \/>\n<\/span><span style=\"font-weight: 400;\">As you prepare, you should make arrangements for someone to drive you home after surgery and assist you for a few days if necessary.<\/span><span style=\"font-weight: 400;\"><br \/>\n<\/span><span style=\"font-weight: 400;\"><br \/>\n<\/span><span style=\"color: #993366;\"><strong><em>Step three: Surgery<\/em><\/strong><\/span><span style=\"font-weight: 400;\"><br \/>\n<\/span><\/p>\n<p><span style=\"font-weight: 400;\">Breast reduction techniques vary, but the most common procedure involves an inverted (T)-shaped incision surrounding the areola, extending downward and below the breast, following its natural curve. Dr. Dicle Sev\u00fck removes excess skin, subcutaneous and breast tissue and moves the nipple and areola to their new positions. He then brings the skin down from both sides of the breast and around the areola and sculpts the new shape of the breast. Stitches are usually placed around the areola, in a vertical line extending downwards, and in the lower crease of the breast.<\/span><span style=\"font-weight: 400;\"><br \/>\n<\/span><span style=\"font-weight: 400;\"><br \/>\n<\/span><span style=\"color: #993366;\"><strong><em>Step four: Risks<\/em><\/strong><\/span><span style=\"font-weight: 400;\"><br \/>\n<\/span><\/p>\n<p><span style=\"font-weight: 400;\">Breast reduction is not a simple procedure, but it is normally safe when performed by a qualified plastic surgeon. However, as with any surgery, there is always a possibility of complications, including bleeding, infection, or reaction to anesthesia. You can reduce your risks by closely following your doctor's recommendations both before and after surgery. The procedure may leave scars (poor healing and larger scars are more common in smokers.) Sometimes small sores develop on the nipples after surgery; these can be treated with antibiotic ointments. Some patients may experience a slight loss of sensation in their nipples or breasts. Although rare, smokers or diabetics may experience circulation problems in the nipple after this surgery.<\/span><span style=\"font-weight: 400;\"><br \/>\n<\/span><span style=\"font-weight: 400;\"><br \/>\n<\/span><span style=\"color: #993366;\"><strong><em>Frequently asked questions<\/em><\/strong><\/span><span style=\"font-weight: 400;\"><br \/>\n<\/span><\/p>\n<p><span style=\"font-weight: 400;\">1. Where will the surgery be performed?<\/span><span style=\"font-weight: 400;\"><br \/>\n<\/span><span style=\"font-weight: 400;\">Breast reduction surgery can be performed in different hospitals; Your doctor will provide information. Your stay will be short.<\/span><span style=\"font-weight: 400;\"><br \/>\n<\/span><span style=\"font-weight: 400;\"><br \/>\n<\/span><span style=\"font-weight: 400;\">2. What are the anesthesia options?<\/span><span style=\"font-weight: 400;\"><br \/>\n<\/span><span style=\"font-weight: 400;\">For optimum comfort and safety, breast reduction is performed under general anesthesia.<\/span><span style=\"font-weight: 400;\"><br \/>\n<\/span><span style=\"font-weight: 400;\"><br \/>\n<\/span><span style=\"font-weight: 400;\">3. Does it affect breastfeeding?<\/span><span style=\"font-weight: 400;\"><br \/>\n<\/span><span style=\"font-weight: 400;\">Breast reduction is not recommended for women who intend to breastfeed.<\/span><span style=\"font-weight: 400;\"><br \/>\n<\/span><span style=\"font-weight: 400;\"><br \/>\n<\/span><span style=\"font-weight: 400;\">4. How long does the surgery take?<\/span><span style=\"font-weight: 400;\"><br \/>\n<\/span><span style=\"font-weight: 400;\">The surgery duration is about 2-4 hours.<\/span><span style=\"font-weight: 400;\"><br \/>\n<\/span><span style=\"font-weight: 400;\"><br \/>\n<\/span><span style=\"font-weight: 400;\">5. What is the recovery process like after breast reduction surgery?<\/span><span style=\"font-weight: 400;\"><br \/>\n<\/span><span style=\"font-weight: 400;\">You need to wear a surgical bra after surgery.\u00a0<\/span><span style=\"font-weight: 400;\">You will stay in the hospital for one day. You may feel mild pain for the first few days. Dr. Dicle Sev\u00fck will recommend medication to reduce the pain. One or two days after the surgery, the bandages are removed and an athletic bra is used. Resting for about a week is recommended after the surgery. Your stitches will be removed within two to three weeks. You should avoid lifting or pushing heavy things for three to four weeks.<\/span><span style=\"font-weight: 400;\"><br \/>\n<\/span><span style=\"font-weight: 400;\"><br \/>\n<\/span><span style=\"font-weight: 400;\">Although most swelling and bruising will disappear within the first few weeks, it may take six months to a year for your breasts to adjust to their new shape. Even then, their shape can vary depending on your hormonal changes, weight changes, and pregnancy.<\/span><span style=\"font-weight: 400;\"><br \/>\n<\/span><span style=\"font-weight: 400;\"><br \/>\n<\/span><span style=\"font-weight: 400;\">6. Will there be scars after the surgery?<\/span><span style=\"font-weight: 400;\"><br \/>\n<\/span><span style=\"font-weight: 400;\">Dr. Dicle Sev\u00fck will make every effort to make your scars as inconspicuous as possible. However, breast reduction scars are permanent, similar to an inverted T shape. It usually becomes lumpy and red for months, then gradually becomes less noticeable, sometimes with thin white lines starting to fade. Fortunately, scars can often be placed so that you can wear even low-cut tops.<\/span><span style=\"font-weight: 400;\"><br \/>\n<\/span><span style=\"font-weight: 400;\"><br \/>\n<\/span><span style=\"color: #993366;\"><strong><em>Other questions<\/em><\/strong><\/span><span style=\"font-weight: 400;\"><br \/>\n<\/span><\/p>\n<p><span style=\"font-weight: 400;\">1. What is the social perspective? You will need time to adjust to your new image, as will your family and friends. Be patient. Like most women, you will be pleased with the results.<\/span><span style=\"font-weight: 400;\"><br \/>\n<\/span><span style=\"font-weight: 400;\"><br \/>\n<\/span><span style=\"font-weight: 400;\">2. Is the price expensive? Although it may vary depending on the application to be made, both the competition between private hospitals and the widespread use of the application make the prices more affordable than in the past.<\/span><span style=\"font-weight: 400;\"><br \/>\n<\/span><span style=\"font-weight: 400;\"><br \/>\n<\/span><span style=\"font-weight: 400;\">3. Is it necessary to spare a lot of time? After a surgery that lasts about 2-4 hours and staying in the hospital for one night, it is beneficial to rest at home for about a week.<\/span><span style=\"font-weight: 400;\"><br \/>\n<\/span><span style=\"font-weight: 400;\"><br \/>\n<\/span><span style=\"font-weight: 400;\">4. Is there anyone dissatisfied? It is a highly preferred operation and we have not encountered anyone who was dissatisfied. First of all, you will feel very relieved psychologically. You will be full of confidence in your clothing or movements.<\/span><span style=\"font-weight: 400;\"><br \/>\n<\/span><span style=\"font-weight: 400;\"><br \/>\n<\/span><span style=\"font-weight: 400;\">5. Will there be any scars? Some scars will remain, but they will fade over time. It will not be noticeable in most clothing.<\/span><span style=\"font-weight: 400;\"><br \/>\n<\/span><span style=\"font-weight: 400;\"><br \/>\n<\/span><span style=\"font-weight: 400;\">6. Is there any loss of sensation? There will be some loss of sensation in the breast, but some of it will return over time.<\/span><span style=\"font-weight: 400;\"><br \/>\n<\/span><span style=\"font-weight: 400;\"><br \/>\n<\/span><span style=\"font-weight: 400;\">7. Is it visible from the outside? Even with many low-cuts, it will not be visible from the outside.<\/span><span style=\"font-weight: 400;\"><br \/>\n<\/span><span style=\"font-weight: 400;\"><br \/>\n<\/span><span style=\"font-weight: 400;\"><span style=\"color: #993366;\"><em><strong>For all your other questions and the most up-to-date price information;<\/strong><\/em><\/span><br \/>\nYou can immediately call +90 542 255 92 99,<br \/>\n<a href=\"https:\/\/www.diclesevuk.com\/en\/contact-us\/\">You can fill out the contact form by clicking here<\/a>,<br \/>\n<a href=\"mailto:info@diclesevuk.com\">info@diclesevuk.com<\/a> You can send an e-mail to info@diclesevuk.com<\/span><\/p>","protected":false},"excerpt":{"rendered":"<p>\u2013 Memelerinizin g\u00fczel ve \u015fekilli olmas\u0131n\u0131 ister misiniz? Red\u00fcksiyon mamoplasti teknik ad\u0131 ile bilinen meme k\u00fc\u00e7\u00fcltme i\u015flemi, b\u00fcy\u00fck memelerin sebep oldu\u011fu a\u015fa\u011f\u0131daki durumlara \u00e7\u00f6z\u00fcm olarak yap\u0131lmaktad\u0131r:\u00a0 \u00a0 \u00a0&#8211; Estetik g\u00f6r\u00fcn\u00fcme kavu\u015fma \u00a0 \u00a0&#8211; S\u0131rt, boyun ve omuz a\u011fr\u0131lar\u0131 \u00a0 \u00a0&#8211; Cilt tahri\u015fi, hava almayan dokuda koku problemleri \u00a0 \u00a0&#8211; Omuzlarda \u015fekil bozuklu\u011fu \u00a0 \u00a0&#8211; Fiziksel &hellip;<\/p>","protected":false},"author":1,"featured_media":0,"parent":0,"menu_order":0,"comment_status":"closed","ping_status":"closed","template":"","meta":{"footnotes":""},"class_list":["post-569","page","type-page","status-publish","hentry"],"_links":{"self":[{"href":"https:\/\/www.diclesevuk.com\/en\/wp-json\/wp\/v2\/pages\/569"}],"collection":[{"href":"https:\/\/www.diclesevuk.com\/en\/wp-json\/wp\/v2\/pages"}],"about":[{"href":"https:\/\/www.diclesevuk.com\/en\/wp-json\/wp\/v2\/types\/page"}],"author":[{"embeddable":true,"href":"https:\/\/www.diclesevuk.com\/en\/wp-json\/wp\/v2\/users\/1"}],"replies":[{"embeddable":true,"href":"https:\/\/www.diclesevuk.com\/en\/wp-json\/wp\/v2\/comments?post=569"}],"version-history":[{"count":25,"href":"https:\/\/www.diclesevuk.com\/en\/wp-json\/wp\/v2\/pages\/569\/revisions"}],"predecessor-version":[{"id":1564,"href":"https:\/\/www.diclesevuk.com\/en\/wp-json\/wp\/v2\/pages\/569\/revisions\/1564"}],"wp:attachment":[{"href":"https:\/\/www.diclesevuk.com\/en\/wp-json\/wp\/v2\/media?parent=569"}],"curies":[{"name":"wp","href":"https:\/\/api.w.org\/{rel}","templated":true}]}}