{"id":567,"date":"2016-05-10T17:32:07","date_gmt":"2016-05-10T14:32:07","guid":{"rendered":"http:\/\/www.diclesevuk.com\/?page_id=567"},"modified":"2019-09-19T16:14:00","modified_gmt":"2019-09-19T13:14:00","slug":"meme-buyutme","status":"publish","type":"page","link":"https:\/\/www.diclesevuk.com\/en\/meme-buyutme\/","title":{"rendered":"Breast enlargement (Breast augmentation)"},"content":{"rendered":"<p style=\"text-align: center;\"><span style=\"color: #800080;\"><strong><em>\u2013 Do you want a more feminine look?<\/em><\/strong><\/span><\/p>\n<p><img loading=\"lazy\" decoding=\"async\" class=\"size-medium wp-image-832 alignleft\" src=\"http:\/\/www.diclesevuk.com\/wp-content\/uploads\/2016\/07\/woman-1468955_640-300x293.jpg\" alt=\"\" width=\"300\" height=\"293\" srcset=\"https:\/\/www.diclesevuk.com\/wp-content\/uploads\/2016\/07\/woman-1468955_640-300x293.jpg 300w, https:\/\/www.diclesevuk.com\/wp-content\/uploads\/2016\/07\/woman-1468955_640-600x585.jpg 600w, https:\/\/www.diclesevuk.com\/wp-content\/uploads\/2016\/07\/woman-1468955_640.jpg 640w\" sizes=\"(max-width: 300px) 100vw, 300px\" \/><\/p>\n<p>Breast augmentation surgery (augmentation mammoplasty) can be performed to obtain larger, fuller, larger and more aesthetically beautiful breasts or in cases of asymmetry.<\/p>\n<p>The solution is provided by silicone implants or fat injections. Breast implants are preferred to provide sufficient volume and shape.<\/p>\n<p>For many women, small breast size and dissatisfaction with their shape and volume are one of the most important aesthetic concerns. It may cause you to feel uneasy in your body, unable to wear certain styles of clothing, or feeling uncomfortable when you do.<\/p>\n<p>In cases where the fight against aging, weight fluctuations, pregnancy or simply genetics occur; Breast augmentation aesthetics may be the solution for you.<\/p>\n<p><a href=\"https:\/\/www.diclesevuk.com\/en\/op-dr-dicle-sevuk-hakkinda\/\">Dr. Dicle Sev\u00fck<\/a>, offers aesthetic and artistic approaches with breast augmentation aesthetic applications; It provides the highest level of care and treatment, from your initial consultation to your post-operative appointments.<\/p>\n<p><span style=\"color: #993366;\"><em><strong>Step one: Inspection<\/strong><\/em><\/span><\/p>\n<p>Your breast augmentation examination is the first step in making the decision to enlarge your breasts. Since this is such a personal decision, Dr. Dicle Sev\u00fck provides a relaxing chat environment where all your questions and concerns, if any, will be addressed. At your consultation, you will evaluate your breast augmentation options, including implant type, incision and implant placement options, and size.<\/p>\n<p>Likewise, it will help you discover other procedures that may meet your needs. For example, breast augmentation alone cannot correct sagging breasts, so a combination of breast lift and augmentation is preferred to correct sagging-related problems in the most appropriate way. Just like a facial will rejuvenate the face, the combination of breast augmentation and lift will completely transform the appearance of your breasts, making them look more youthful and perky.<\/p>\n<p>Your medical history will also be discussed due to the risk of complications; to make sure you don't have any health conditions that could increase the risk; A family history of breast cancer and the results of recent mammography and biopsies, if any, will be evaluated together.<\/p>\n<p><span style=\"color: #993366;\"><em><strong>Step two: Preparation<\/strong><\/em><\/span><\/p>\n<p>Having any type of surgery can cause anxiety. To alleviate this, by providing useful information about the jointly decided procedure; The focus is on making the necessary preparations and making you comfortable.<\/p>\n<p>Before the surgery, you may be asked to:<br \/>\n\u2013 A medical evaluation or laboratory test<br \/>\n\u2013 Breast examination and, when necessary, mammography and\/or ultrasonography evaluation for breast health.<br \/>\n\u2013 Starting to take certain medications or adjusting existing medications<br \/>\n\u2013 Quitting smoking before surgery<br \/>\n\u2013 Avoiding taking aspirin, anti-inflammatory medications, and herbal supplements, as they may increase bleeding<\/p>\n<p>Before your surgery, you will be given instructions on what to do on the day of surgery, diet rules, post-operative care and follow-up instructions. Additionally, have someone accompany you before, during and after surgery; You should ensure that he\/she is with you at least for the first night after the surgery. It may also be helpful to have someone help you at home for a few days while you focus on recovery.<\/p>\n<p><span style=\"color: #993366;\"><em><strong>Step three: Options<\/strong><\/em><\/span><\/p>\n<p>During the examination; The right one for you is decided depending on your anatomical structure, the thickness of the breast tissue, your preference, the type of implant used and your final aesthetic goals.<\/p>\n<p>A) In shape; drop (anatomical) prosthesis or round prosthesis<br \/>\nThe horizontal and vertical base diameters of round dentures are equal. Drop implants are more similar to the shape of the breast; the vertical diameter is slightly longer than the horizontal diameter, and the height of the prosthesis is greater in the lower pole than in the upper pole.<\/p>\n<p>B) In terms of content; containing silicone or saline<br \/>\nThere are prostheses filled with silicone gel and prostheses filled with physiological serum, that is, physiological saline. The solid envelope made of silicone contains silicone gel or physiological serum.<\/p>\n<p>C) According to the surface structure; rough surface or smooth surface<br \/>\nIt has been determined that capsule formation around rough-surfaced prostheses is less than that of smooth-surfaced ones.<\/p>\n<p>D) According to the location to be placed; in front of or behind the pectoral muscle.<br \/>\nWomen with very little breast tissue typically benefit from having the implant placed under the muscle so that there is as much tissue on top as possible, creating a natural appearance. When breast implants are placed over the muscle, they move less with muscle flexion; however, it will look more wavy and less natural.<\/p>\n<p><span style=\"color: #993366;\"><strong>Step four: Risks<\/strong><\/span><\/p>\n<p>Breast augmentation is generally a safe procedure for healthy people, but as with any surgery, there are some risks involved. Your doctor will explain the risks depending on the procedure to be performed. You can reduce the chance of complications by following preoperative and postoperative instructions.<\/p>\n<p><span style=\"color: #993366;\"><em><strong>Frequently asked questions<\/strong><\/em><\/span><\/p>\n<p>1. Where will breast augmentation surgery be performed?<br \/>\nBreast enlargement is performed in hospitals where the surgery can be performed safely and with the highest level of comfort. Hospital options where the procedure will be performed will be presented to you during the examination.<\/p>\n<p>2. What are the anesthesia options?<br \/>\nBreast augmentation surgeries are performed under general anesthesia.<\/p>\n<p>3. What is the recovery process like after breast augmentation surgery?<br \/>\nIn the first few days after breast augmentation, there may be swelling and pain due to edema; then it will gradually decrease. You should avoid exercise and strenuous activities for about four to six weeks, but recovery varies individually. You should follow your doctor's instructions. Additionally, you will be given information about massage techniques, medications to take, what type of bra to choose, and follow-up appointments.<\/p>\n<p>4. Are the prostheses used safe? Will the prosthesis burst?<br \/>\nAmerican FDA approved prostheses are used. These prostheses are safe. No prosthesis increases the risk of breast cancer. Having a breast prosthesis does not have any effect on the results on mammography. Also it doesn't explode. The material containing silicone gel is not fluid.<\/p>\n<p>5. How long does the surgery take?<br \/>\nThe average duration of surgery is 1-1.5 hours.<\/p>\n<p>6. How is breast prosthesis size decided?<br \/>\nThe most important thing is the patient's wishes. The doctor can make suggestions and recommendations according to the patient's anatomical condition.<\/p>\n<p>7. Is it obvious that there is silicone in the breast?<br \/>\nIt is difficult to understand because it is very close to reality, but it can be understood depending on the patient's preference for large sizes.<\/p>\n<p>8. Does it cause allergies?<br \/>\nConsidering that it is used very widely; Allergy is a very rare possibility.<\/p>\n<p>9. Can a mother with breast prosthesis breastfeed her baby?<br \/>\nYes. Breast prostheses are placed without touching the milk ducts.<\/p>\n<p>10. How are prosthetic breasts affected by pregnancy?<br \/>\nIn case of dense milk, the breast may cause pain as it grows even without a prosthesis. It has no direct effect on pregnancy.<\/p>\n<p><span style=\"color: #993366;\"><em><strong>Other questions<\/strong><\/em><\/span><\/p>\n<p>1. What happens to the social perception? Breast augmentation surgery is a decision about you. However, increasing your self-confidence with positive results will bring about positive changes for you in the social sphere. You will feel better too.<\/p>\n<p>2. Is the price expensive? Although it may vary depending on the application to be made, both the competition between private hospitals and the widespread use of the application make the prices more affordable than in the past.<\/p>\n<p>3. Is the surgery risky? Anesthesia and surgical complications are minimal. It is a short surgery and is performed on the surface, leaving the organs untouched.<\/p>\n<p>4. Is it necessary to spare a lot of time? After a short surgery and a one-night hospital stay, you can return to your daily life within 3-4 days after the checks.<\/p>\n<p>5. Is there anyone dissatisfied? It is a highly preferred operation and we have not encountered anyone who was dissatisfied.<\/p>\n<p>6. Will there be any scars? Scars are hidden in body folds or natural lines of the body.<\/p>\n<p>7. Is there any loss of sensation? There is no loss of sensation in the breast.<\/p>\n<p>8. Is silicone visible? No, but if you want it to be obvious from the outside; If you want, you can show it with your clothing choice.<\/p>\n<p><span style=\"color: #993366;\"><em><strong>For all your other questions and the most up-to-date price information;<\/strong><\/em><\/span><br \/>\nYou can immediately call +90 542 255 92 99,<br \/>\n<a href=\"https:\/\/www.diclesevuk.com\/en\/contact-us\/\">You can fill out the contact form by clicking here<\/a>,<br \/>\n<a href=\"mailto:info@diclesevuk.com\">info@diclesevuk.com<\/a> You can send an e-mail to info@diclesevuk.com<\/p>","protected":false},"excerpt":{"rendered":"<p>\u2013 Daha di\u015fi bir g\u00f6r\u00fcn\u00fcm ister misiniz? Daha iri, daha dolgun, daha b\u00fcy\u00fck ve estetik olarak daha g\u00fczel g\u00f6\u011f\u00fcsler elde etmek i\u00e7in veya asimetri durumlar\u0131nda memenin b\u00fcy\u00fctme ameliyat\u0131 (augmentasyon mamoplasti) yap\u0131labilir. Silikon implant veya ya\u011f enjeksiyonlar\u0131 ile \u00e7\u00f6z\u00fcm sa\u011flan\u0131r. Yeterli hacim ve \u015fekil vermek i\u00e7in meme implantlar\u0131 daha \u00e7ok tercih edilmektedir. Bir \u00e7ok bayan i\u00e7in &hellip;<\/p>","protected":false},"author":1,"featured_media":0,"parent":0,"menu_order":0,"comment_status":"closed","ping_status":"closed","template":"","meta":{"footnotes":""},"class_list":["post-567","page","type-page","status-publish","hentry"],"_links":{"self":[{"href":"https:\/\/www.diclesevuk.com\/en\/wp-json\/wp\/v2\/pages\/567"}],"collection":[{"href":"https:\/\/www.diclesevuk.com\/en\/wp-json\/wp\/v2\/pages"}],"about":[{"href":"https:\/\/www.diclesevuk.com\/en\/wp-json\/wp\/v2\/types\/page"}],"author":[{"embeddable":true,"href":"https:\/\/www.diclesevuk.com\/en\/wp-json\/wp\/v2\/users\/1"}],"replies":[{"embeddable":true,"href":"https:\/\/www.diclesevuk.com\/en\/wp-json\/wp\/v2\/comments?post=567"}],"version-history":[{"count":17,"href":"https:\/\/www.diclesevuk.com\/en\/wp-json\/wp\/v2\/pages\/567\/revisions"}],"predecessor-version":[{"id":1562,"href":"https:\/\/www.diclesevuk.com\/en\/wp-json\/wp\/v2\/pages\/567\/revisions\/1562"}],"wp:attachment":[{"href":"https:\/\/www.diclesevuk.com\/en\/wp-json\/wp\/v2\/media?parent=567"}],"curies":[{"name":"wp","href":"https:\/\/api.w.org\/{rel}","templated":true}]}}