{"id":565,"date":"2016-05-10T17:30:55","date_gmt":"2016-05-10T14:30:55","guid":{"rendered":"http:\/\/www.diclesevuk.com\/?page_id=565"},"modified":"2019-09-19T17:28:03","modified_gmt":"2019-09-19T14:28:03","slug":"goz-kapagi-estetigi","status":"publish","type":"page","link":"https:\/\/www.diclesevuk.com\/en\/goz-kapagi-estetigi\/","title":{"rendered":"Eyelid aesthetics (Blepharoplasty)"},"content":{"rendered":"<p style=\"text-align: center;\"><span style=\"color: #800080;\"><strong><em>\u2013 Do you feel heaviness in your eyelids<\/em><\/strong><\/span><span style=\"color: #800080;\"><strong><em>?<\/em><\/strong><\/span><\/p>\n<p><img loading=\"lazy\" decoding=\"async\" class=\"wp-image-660 alignleft\" src=\"http:\/\/www.diclesevuk.com\/wp-content\/uploads\/2016\/06\/amy-lee-1433955-1919x1275-e1466431150850-300x196.jpg\" alt=\"\" width=\"317\" height=\"207\" srcset=\"https:\/\/www.diclesevuk.com\/wp-content\/uploads\/2016\/06\/amy-lee-1433955-1919x1275-e1466431150850-300x196.jpg 300w, https:\/\/www.diclesevuk.com\/wp-content\/uploads\/2016\/06\/amy-lee-1433955-1919x1275-e1466431150850-600x391.jpg 600w, https:\/\/www.diclesevuk.com\/wp-content\/uploads\/2016\/06\/amy-lee-1433955-1919x1275-e1466431150850-768x501.jpg 768w, https:\/\/www.diclesevuk.com\/wp-content\/uploads\/2016\/06\/amy-lee-1433955-1919x1275-e1466431150850.jpg 876w\" sizes=\"(max-width: 317px) 100vw, 317px\" \/><\/p>\n<p>On the eyelids; Deformities such as sagging skin, heavy appearance in the upper eyelid, bagging in the lower eyelid; It causes a tired, heavy and sluggish expression on your face, but it can be corrected with eyelid surgery. This surgery can be performed only on the upper eyelid or only on the lower eyelid, or it can be performed by correcting both lids in the same session.<\/p>\n<p>In the upper eyelid, the incision is made on the lid crease to ensure that the scar is unclear. The incision made under the eyelashes on the lower eyelid is very well hidden and becomes unclear after the surgery.<\/p>\n<p>For the upper eyelid, approximately 45 minutes - 1 hour; Creams and drops are given for post-operative application for the lower eyelid, which takes about 1-1.5 hours. Stitches are approximately 5-7 stitches. taken per day. You can take a bath and return to your daily life after 3-5 days.<\/p>\n<p><span style=\"color: #993366;\"><em><strong>For all your other questions and the most up-to-date price information;<\/strong><\/em><\/span><br \/>\nYou can immediately call +90 542 255 92 99,<br \/>\n<a href=\"https:\/\/www.diclesevuk.com\/en\/contact-us\/\">You can fill out the contact form by clicking here<\/a>,<br \/>\n<a href=\"mailto:info@diclesevuk.com\">info@diclesevuk.com<\/a> You can send an e-mail to info@diclesevuk.com<\/p>\n<p>&nbsp;<\/p>","protected":false},"excerpt":{"rendered":"<p>\u2013 G\u00f6z kapaklar\u0131n\u0131zda a\u011f\u0131rl\u0131k m\u0131 hissediyorsunuz? G\u00f6z kapaklar\u0131nda; deride sarkma, \u00fcst g\u00f6z kapa\u011f\u0131nda a\u011f\u0131r g\u00f6r\u00fcn\u00fcm, alt g\u00f6z kapa\u011f\u0131nda torbala\u015fma gibi deformiteler; y\u00fcz\u00fcn\u00fczde yorgun, a\u011f\u0131r ve durgun bir ifadeye neden olmaktad\u0131r ancak g\u00f6z kapa\u011f\u0131 ameliyat\u0131 ile d\u00fczeltilebilir. Bu ameliyat sadece \u00fcst g\u00f6z kapa\u011f\u0131 veya sadece alt g\u00f6z kapa\u011f\u0131nda yap\u0131labilece\u011fi gibi ayn\u0131 seansta da her iki kapak &hellip;<\/p>","protected":false},"author":1,"featured_media":0,"parent":0,"menu_order":0,"comment_status":"closed","ping_status":"closed","template":"","meta":{"footnotes":""},"class_list":["post-565","page","type-page","status-publish","hentry"],"_links":{"self":[{"href":"https:\/\/www.diclesevuk.com\/en\/wp-json\/wp\/v2\/pages\/565"}],"collection":[{"href":"https:\/\/www.diclesevuk.com\/en\/wp-json\/wp\/v2\/pages"}],"about":[{"href":"https:\/\/www.diclesevuk.com\/en\/wp-json\/wp\/v2\/types\/page"}],"author":[{"embeddable":true,"href":"https:\/\/www.diclesevuk.com\/en\/wp-json\/wp\/v2\/users\/1"}],"replies":[{"embeddable":true,"href":"https:\/\/www.diclesevuk.com\/en\/wp-json\/wp\/v2\/comments?post=565"}],"version-history":[{"count":11,"href":"https:\/\/www.diclesevuk.com\/en\/wp-json\/wp\/v2\/pages\/565\/revisions"}],"predecessor-version":[{"id":1607,"href":"https:\/\/www.diclesevuk.com\/en\/wp-json\/wp\/v2\/pages\/565\/revisions\/1607"}],"wp:attachment":[{"href":"https:\/\/www.diclesevuk.com\/en\/wp-json\/wp\/v2\/media?parent=565"}],"curies":[{"name":"wp","href":"https:\/\/api.w.org\/{rel}","templated":true}]}}