{"id":563,"date":"2016-05-10T17:29:55","date_gmt":"2016-05-10T14:29:55","guid":{"rendered":"http:\/\/www.diclesevuk.com\/?page_id=563"},"modified":"2024-05-06T00:02:38","modified_gmt":"2024-05-05T21:02:38","slug":"karin-germe","status":"publish","type":"page","link":"https:\/\/www.diclesevuk.com\/en\/karin-germe\/","title":{"rendered":"Tummy Tuck (Abdominoplasty)"},"content":{"rendered":"<p style=\"text-align: center;\"><span style=\"color: #800080;\"><strong><em>\u2013 Do you want a tighter abdomen?<\/em><\/strong><\/span><\/p>\n<p><img loading=\"lazy\" decoding=\"async\" class=\"size-medium wp-image-1489 alignleft\" src=\"https:\/\/www.diclesevuk.com\/wp-content\/uploads\/2019\/07\/10-256x300.jpg\" alt=\"\" width=\"256\" height=\"300\" srcset=\"https:\/\/www.diclesevuk.com\/wp-content\/uploads\/2019\/07\/10-256x300.jpg 256w, https:\/\/www.diclesevuk.com\/wp-content\/uploads\/2019\/07\/10-768x901.jpg 768w, https:\/\/www.diclesevuk.com\/wp-content\/uploads\/2019\/07\/10-873x1024.jpg 873w, https:\/\/www.diclesevuk.com\/wp-content\/uploads\/2019\/07\/10-600x704.jpg 600w\" sizes=\"(max-width: 256px) 100vw, 256px\" \/><\/p>\n<p>&nbsp;<\/p>\n<p>Sagging of the abdominal skin and loosening of the abdominal muscles after excessive weight gain or loss or pregnancy can be corrected with abdominoplasty surgery. A tighter abdominal appearance can be achieved by repairing the loosened muscles.<\/p>\n<p>Abdominoplasty is not a weight loss method. The best aesthetic results in these surgeries are obtained in patients who have normal weight but have sagging abdominal skin.<\/p>\n<p><a href=\"https:\/\/www.diclesevuk.com\/en\/op-dr-dicle-sevuk-hakkinda\/\">Dr. Dicle Sev\u00fck<\/a>, offers aesthetic and artistic approaches with tummy tuck aesthetic applications; It provides the highest level of care and treatment, from your initial consultation to your post-operative appointments.<\/p>\n<p>&nbsp;<\/p>\n<p><span style=\"color: #993366;\"><em><strong>Step one: Inspection<\/strong><\/em><\/span><\/p>\n<p>During your initial examination, your doctor will evaluate your abdominal skin and the condition of your abdominal muscles. In addition, information about your medical history (previous surgeries, especially in the abdominal area, diseases you have been treated for, medications you have used) is noted. If you have diabetes, blood sugar must be regulated before surgery. If you smoke, we recommend that you quit at least 1 month before the operation. If you have had varicose veins or previous deep vein thrombosis or embolism, inform your doctor to take the necessary precautions before surgery.<\/p>\n<p><span style=\"color: #993366;\"><em><strong>Step two: Preparation<\/strong><\/em><\/span><\/p>\n<p>When planning a tummy tuck surgery, your doctor will take the necessary precautions based on your medical history and perform routine pre-operative tests. Before the surgery, recommendations on what to do on the day of surgery, post-care and follow-up are given. You should ensure that at least one person is with you as an assistant before and during the surgery.<\/p>\n<p><span style=\"color: #993366;\"><em><strong>Step three: Options<\/strong><\/em><\/span><\/p>\n<p>Abdominoplasty surgeries can be divided into mini abdominoplasty and full abdominoplasty. Mini Abdominoplasty is performed in cases where the deformation is located in the lower belly area and there is no or very little muscle laxity. Excess fat in the abdomen and waist area and excess skin in the lower belly area are removed.<br \/>\nFull Abdominoplasty is performed in cases where there is deformity in the upper and lower parts of the abdomen. Excess skin on the abdomen is removed and loosened abdominal muscles are repaired. In both tummy tuck surgeries, the incision is made to be hidden under underwear.<\/p>\n<p><span style=\"color: #993366;\"><strong>Step four: Risks<\/strong><\/span><\/p>\n<p>These surgeries have surgical risks such as wound healing problems, infection, and bleeding, but the risks are very low in appropriately selected patients. The probability of these risks occurring is very high in diabetic patients who smoke, are overweight, and have poor blood sugar regulation.<\/p>\n<p><span style=\"color: #993366;\"><em><strong>Frequently asked questions<\/strong><\/em><\/span><\/p>\n<p>1. When can I return to daily life after the surgery?<br \/>\nAfter the tummy tuck surgery, a corset is worn and you stay in the hospital for 1 or 2 days. For the first week after discharge, heavy objects should not be carried and heavy sports should not be done. The corset should be used for 6 weeks. You can return to work after approximately 2 or 3 weeks. Heavy sports should not be done for at least 3 months.<\/p>\n<p>2. Where is the surgery performed?<br \/>\nIt is performed in fully equipped hospitals where your safety and comfort will be at the highest level.<\/p>\n<p>3. What are the anesthesia options?<br \/>\nIt is performed under general anesthesia.<\/p>\n<p>4. What is the surgery duration?<br \/>\nAbdominoplasty surgeries are completed in 2-3 hours. When combined with liposuction or breast surgeries, the duration may be slightly longer.<\/p>\n<p>5. Can tummy tuck surgery be combined with other surgeries?<br \/>\nYes. It can be combined with liposuction or breast surgeries, especially in cases where there is excess fat in the waist and legs.<\/p>\n<p><span style=\"color: #993366;\"><em><strong>For all your other questions and the most up-to-date price information;<\/strong><\/em><\/span><br \/>\nYou can immediately call +90 542 255 92 99,<br \/>\n<a href=\"https:\/\/www.diclesevuk.com\/en\/contact-us\/\">You can fill out the contact form by clicking here<\/a>,<br \/>\n<a href=\"mailto:info@diclesevuk.com\">info@diclesevuk.com<\/a> You can send an e-mail to info@diclesevuk.com<\/p>","protected":false},"excerpt":{"rendered":"<p>\u2013 Daha s\u0131k\u0131 bir kar\u0131n ister misiniz? &nbsp; A\u015f\u0131r\u0131 kilo al\u0131p verme veya hamilelik sonras\u0131nda kar\u0131n cildinde olu\u015fan sarkmalar ve kar\u0131n kaslar\u0131nda olu\u015fan gev\u015femeler kar\u0131n germe ameliyat\u0131 ile d\u00fczeltilebilir. Gev\u015feyen kaslar\u0131n da onar\u0131lmas\u0131yla daha s\u0131k\u0131 bir kar\u0131n g\u00f6r\u00fcn\u00fcm\u00fc elde edilebilir. Kar\u0131n germe ameliyatlar\u0131 bir zay\u0131flama y\u00f6ntemi de\u011fildir. Bu ameliyatlarda en iyi estetik sonu\u00e7lar normal s\u0131n\u0131rlarda &hellip;<\/p>","protected":false},"author":1,"featured_media":0,"parent":0,"menu_order":0,"comment_status":"closed","ping_status":"closed","template":"","meta":{"footnotes":""},"class_list":["post-563","page","type-page","status-publish","hentry"],"_links":{"self":[{"href":"https:\/\/www.diclesevuk.com\/en\/wp-json\/wp\/v2\/pages\/563"}],"collection":[{"href":"https:\/\/www.diclesevuk.com\/en\/wp-json\/wp\/v2\/pages"}],"about":[{"href":"https:\/\/www.diclesevuk.com\/en\/wp-json\/wp\/v2\/types\/page"}],"author":[{"embeddable":true,"href":"https:\/\/www.diclesevuk.com\/en\/wp-json\/wp\/v2\/users\/1"}],"replies":[{"embeddable":true,"href":"https:\/\/www.diclesevuk.com\/en\/wp-json\/wp\/v2\/comments?post=563"}],"version-history":[{"count":10,"href":"https:\/\/www.diclesevuk.com\/en\/wp-json\/wp\/v2\/pages\/563\/revisions"}],"predecessor-version":[{"id":1711,"href":"https:\/\/www.diclesevuk.com\/en\/wp-json\/wp\/v2\/pages\/563\/revisions\/1711"}],"wp:attachment":[{"href":"https:\/\/www.diclesevuk.com\/en\/wp-json\/wp\/v2\/media?parent=563"}],"curies":[{"name":"wp","href":"https:\/\/api.w.org\/{rel}","templated":true}]}}