{"id":540,"date":"2016-05-10T16:44:56","date_gmt":"2016-05-10T13:44:56","guid":{"rendered":"http:\/\/www.diclesevuk.com\/?page_id=540"},"modified":"2019-09-19T18:11:18","modified_gmt":"2019-09-19T15:11:18","slug":"liposuction","status":"publish","type":"page","link":"https:\/\/www.diclesevuk.com\/en\/liposuction\/","title":{"rendered":"Liposuction"},"content":{"rendered":"<p style=\"text-align: center;\"><strong><em><span style=\"color: #800080;\">\u2013 Do you want a tighter body?<\/span><\/em><\/strong><\/p>\n<p><img loading=\"lazy\" decoding=\"async\" class=\"wp-image-1489 alignleft\" src=\"https:\/\/www.diclesevuk.com\/wp-content\/uploads\/2019\/07\/10-256x300.jpg\" alt=\"\" width=\"285\" height=\"334\" srcset=\"https:\/\/www.diclesevuk.com\/wp-content\/uploads\/2019\/07\/10-256x300.jpg 256w, https:\/\/www.diclesevuk.com\/wp-content\/uploads\/2019\/07\/10-768x901.jpg 768w, https:\/\/www.diclesevuk.com\/wp-content\/uploads\/2019\/07\/10-873x1024.jpg 873w, https:\/\/www.diclesevuk.com\/wp-content\/uploads\/2019\/07\/10-600x704.jpg 600w\" sizes=\"(max-width: 285px) 100vw, 285px\" \/>Despite exercise or proper nutrition, fat deposits may remain in some parts of your body. Liposuction offers a good solution to this problem.<\/p>\n<p>This popular procedure helps shape the body by removing unwanted fat from specific areas such as the abdomen, hips, thighs, knees, upper arms, chin, and neck.<\/p>\n<p>Although liposuction does not replace a proper diet and exercise, regional improvement and slimming is achieved by removing stubborn fat that does not respond to traditional weight loss methods.<\/p>\n<p><span style=\"color: #993366;\"><em><strong>Are you suitable for liposuction?<\/strong><\/em><\/span><\/p>\n<p>The best candidates for liposuction are; are close to their ideal weight with firm, elastic skin and are unhappy with areas of fat that distort their body contour.<\/p>\n<p>While liposuction is a great way to reduce targeted areas of fat, it's important to have realistic expectations about the procedure. Candidates must be physically and psychologically healthy.<\/p>\n<p>If you want liposuction, Dr. Dicle Sev\u00fck will be happy to discuss your options and create a treatment plan that suits your aesthetic goals.<\/p>\n<p><a href=\"https:\/\/www.diclesevuk.com\/en\/op-dr-dicle-sevuk-hakkinda\/\">Dr. Dicle Sev\u00fck<\/a>, provides the highest level of care and treatment, from your initial consultation to your post-operative appointments.<\/p>\n<p><span style=\"color: #993366;\"><em><strong>Step one: Chat and examination<\/strong><\/em><\/span><\/p>\n<p><span style=\"font-weight: 400;\">Dr. Dicle Sev\u00fck provides a relaxing chat environment where all your questions and concerns, if any, will be addressed. It will provide information about potential procedures. At your initial liposuction consultation, he or she will evaluate your health and medical history, the location of your fat deposits, and the condition of your skin. He or she will then offer you the body shaping option that is most suitable for you.<\/span><\/p>\n<p><span style=\"color: #993366;\"><strong><em>Step two: Preparation<\/em><\/strong><\/span><\/p>\n<p><span style=\"font-weight: 400;\">Having any type of surgery can cause anxiety. To alleviate this, by providing useful information about the jointly decided procedure; The focus is on making the necessary preparations and making you comfortable.<\/span><\/p>\n<p><span style=\"font-weight: 400;\">Before liposuction surgery, your surgeon will inform you on how to prepare. It is important that you inform your surgeon about your eating and drinking habits, smoking, vitamins or medications you use during the consultation. <\/span><\/p>\n<p><span style=\"font-weight: 400;\">Additionally, by helping you, a relative can: You should ensure that he or she is with you at least for the first night after the surgery. We recommend having someone at home to help you for a few days while you focus on recovery.<\/span><\/p>\n<p><span style=\"color: #993366;\"><em><strong>Step three: Surgery<\/strong><\/em><\/span><\/p>\n<p><span style=\"font-weight: 400;\">Duration of your liposuction surgery; It will depend on the size of the treatment area, the liposuction method used, the amount of fat that needs to be removed, and the type of anesthesia. During the procedure, fat is removed from the body using various techniques to reshape areas of the body. Your surgeon inserts a tube or cannula through a small incision on your body, administers fluid to the relevant area, and then melts the fat using various methods and removes it with vacuum. After the surgery is completed, a corset is worn to help reduce swelling. <\/span><\/p>\n<p><span style=\"color: #993366;\"><em><strong>Step four: Risks<\/strong><\/em><\/span><\/p>\n<p><span style=\"font-weight: 400;\">Patients seeking liposuction should be aware that there are risks associated with any surgery. Liposuction carries greater risks for people with medical problems such as diabetes, heart disease, lung disease, poor circulation, or those who have recently had surgery near the area that needs contouring. Although a qualified surgeon and state-of-the-art instruments increase your chances of a good outcome, complications can occur. If a large number of areas are treated at once or if the surgery areas are very large, your risk of complications increases. These factors may also increase the risks of infection, delays in healing, development of fat clots or blood clots, excessive fluid loss, friction burns, damage to the skin and nerves, perforation damage to vital organs, and adverse drug reactions.<\/span><\/p>\n<p><span style=\"color: #993366;\"><em><strong>Frequently asked questions<\/strong><\/em><\/span><\/p>\n<p><span style=\"font-weight: 400;\">1. Where will the surgery be performed?<\/span><br \/>\n<span style=\"font-weight: 400;\">Liposuction procedure is performed in hospitals where your comfort will be at the highest level. Hospital options where the procedure will be performed will be presented to you during the examination. <\/span><\/p>\n<p><span style=\"font-weight: 400;\">Liposuction procedures that remove small amounts of fat require outpatient treatment; if large amounts of fat are to be removed or liposuction is performed in conjunction with other procedures, an overnight hospital stay is required. <\/span><\/p>\n<p><span style=\"font-weight: 400;\">2.\u00a0<\/span><span style=\"font-weight: 400;\">What are the anesthesia options?<\/span><br \/>\n<span style=\"font-weight: 400;\">It is performed under general anesthesia for comfort and safety. Depending on the procedure to be performed, your doctor may also recommend regional anesthesia.<\/span><\/p>\n<p><span style=\"font-weight: 400;\">3. What is the recovery process like after surgery?<\/span><br \/>\n<span style=\"font-weight: 400;\">After liposuction, it is normal to feel burning, swelling, bleeding, and temporary numbness. You will be offered pain medication to reduce any discomfort. Fluid may drain from the incisions on the first day after surgery. To control swelling and facilitate healing, it will be appropriate to wear comfortable and flexible clothing for the treated area for several weeks.<\/span><\/p>\n<p><span style=\"font-weight: 400;\">Recovery time will be different for each patient and recovery is a gradual process. In general, we recommend that you start walking as soon as possible to reduce swelling and help prevent blood clots from developing. Most patients begin to feel better after a week or two, and you should be able to resume working within a few days after liposuction. Within the first week to 10 days, the stitches are removed or dissolve on their own, depending on the type of stitch. Strenuous activities should be avoided for the first few weeks. Although most bruising and swelling usually disappear within three weeks, some swelling may remain for six months or longer.<\/span><\/p>\n<p><span style=\"font-weight: 400;\">Your surgeon will schedule follow-up visits to monitor your progress and see if any additional procedures are needed. If you have any questions or unusual symptoms, such as heavy bleeding between visits or a sudden increase in pain, it's best to call your doctor.<\/span><\/p>\n<p><span style=\"font-weight: 400;\">4.\u00a0<\/span><span style=\"font-weight: 400;\"> How long does the surgery take?<\/span><br \/>\n<span style=\"font-weight: 400;\">The surgery duration is about 1-3 hours. It varies depending on the amount of fat to be removed.<\/span><\/p>\n<p><span style=\"font-weight: 400;\">5. What happens to the social perception? <\/span><br \/>\n<span style=\"font-weight: 400;\">Views of you will change in a positive way. You will feel better too.<\/span><\/p>\n<p><span style=\"font-weight: 400;\">6. Is the price expensive? <\/span><br \/>\n<span style=\"font-weight: 400;\">Although it may vary depending on the application to be made, both the competition between private hospitals and the widespread use of the application make the prices more affordable than in the past.<\/span><\/p>\n<p><span style=\"font-weight: 400;\">7.\u00a0<\/span><span style=\"font-weight: 400;\"> Do I need to spend a lot of time? <\/span><br \/>\n<span style=\"font-weight: 400;\">After a short surgery and a one-night hospital stay, you can return to your daily home\/work life within 1-2 days after the checks. Unless you have a job that requires heavy work, a weekend will be enough.<\/span><\/p>\n<p><span style=\"font-weight: 400;\">8.\u00a0<\/span><span style=\"font-weight: 400;\">Will there be any trace?<\/span><br \/>\n<span style=\"font-weight: 400;\">Your doctor will strategically place the incisions to hide them from view. Most liposuction patients find that scars are minimal. However, imperfections in the final appearance may still occur. The skin surface may be irregular, asymmetrical, or \u201cbaggy,\u201d especially in older patients. Pigmentation changes may also occur. Sometimes additional surgery may be recommended.<\/span><\/p>\n<p><span style=\"color: #993366;\"><em><strong>For all your other questions and the most up-to-date price information;<\/strong><\/em><\/span><br \/>\nYou can immediately call +90 542 255 92 99,<br \/>\n<a href=\"https:\/\/www.diclesevuk.com\/en\/contact-us\/\">You can fill out the contact form by clicking here<\/a>,<br \/>\n<a href=\"mailto:info@diclesevuk.com\">info@diclesevuk.com<\/a> You can send an e-mail to info@diclesevuk.com<\/p>","protected":false},"excerpt":{"rendered":"<p>\u2013 Daha s\u0131k\u0131 bir v\u00fccut ister misiniz? Egzersiz yap\u0131lmas\u0131na veya do\u011fru beslenmeye ra\u011fmen, v\u00fccudunuzun baz\u0131 b\u00f6lgelerinde ya\u011f birikimleri kalabilir. Liposuction bu soruna iyi bir \u00e7\u00f6z\u00fcm sunar. Bu pop\u00fcler prosed\u00fcr, kar\u0131n, kal\u00e7a, uyluk, diz, \u00fcst kol, \u00e7ene, ve boyun gibi belirli alanlardan istenmeyen ya\u011flar\u0131 \u00e7\u0131kararak v\u00fccudu \u015fekillendirmeye yard\u0131mc\u0131 olur. Her ne kadar liposuction uygun bir diyet &hellip;<\/p>","protected":false},"author":1,"featured_media":0,"parent":0,"menu_order":0,"comment_status":"closed","ping_status":"closed","template":"","meta":{"footnotes":""},"class_list":["post-540","page","type-page","status-publish","hentry"],"_links":{"self":[{"href":"https:\/\/www.diclesevuk.com\/en\/wp-json\/wp\/v2\/pages\/540"}],"collection":[{"href":"https:\/\/www.diclesevuk.com\/en\/wp-json\/wp\/v2\/pages"}],"about":[{"href":"https:\/\/www.diclesevuk.com\/en\/wp-json\/wp\/v2\/types\/page"}],"author":[{"embeddable":true,"href":"https:\/\/www.diclesevuk.com\/en\/wp-json\/wp\/v2\/users\/1"}],"replies":[{"embeddable":true,"href":"https:\/\/www.diclesevuk.com\/en\/wp-json\/wp\/v2\/comments?post=540"}],"version-history":[{"count":31,"href":"https:\/\/www.diclesevuk.com\/en\/wp-json\/wp\/v2\/pages\/540\/revisions"}],"predecessor-version":[{"id":1617,"href":"https:\/\/www.diclesevuk.com\/en\/wp-json\/wp\/v2\/pages\/540\/revisions\/1617"}],"wp:attachment":[{"href":"https:\/\/www.diclesevuk.com\/en\/wp-json\/wp\/v2\/media?parent=540"}],"curies":[{"name":"wp","href":"https:\/\/api.w.org\/{rel}","templated":true}]}}