{"id":536,"date":"2016-05-10T16:42:38","date_gmt":"2016-05-10T13:42:38","guid":{"rendered":"http:\/\/www.diclesevuk.com\/?page_id=536"},"modified":"2019-08-01T16:33:28","modified_gmt":"2019-08-01T13:33:28","slug":"kol-germe","status":"publish","type":"page","link":"https:\/\/www.diclesevuk.com\/en\/kol-germe\/","title":{"rendered":"Arm Lift Aesthetics (Brachioplasty)"},"content":{"rendered":"<p style=\"text-align: center;\"><span style=\"color: #800080;\"><strong><em>\u2013 Want tighter arms?<\/em><\/strong><\/span><\/p>\n<p><img loading=\"lazy\" decoding=\"async\" class=\"size-medium wp-image-1495 alignleft\" src=\"https:\/\/www.diclesevuk.com\/wp-content\/uploads\/2019\/07\/17-300x200.jpg\" alt=\"\" width=\"300\" height=\"200\" srcset=\"https:\/\/www.diclesevuk.com\/wp-content\/uploads\/2019\/07\/17-300x200.jpg 300w, https:\/\/www.diclesevuk.com\/wp-content\/uploads\/2019\/07\/17-768x512.jpg 768w, https:\/\/www.diclesevuk.com\/wp-content\/uploads\/2019\/07\/17-1024x683.jpg 1024w, https:\/\/www.diclesevuk.com\/wp-content\/uploads\/2019\/07\/17-360x240.jpg 360w, https:\/\/www.diclesevuk.com\/wp-content\/uploads\/2019\/07\/17-600x400.jpg 600w\" sizes=\"(max-width: 300px) 100vw, 300px\" \/><\/p>\n<p>&nbsp;<\/p>\n<p>Arm lift surgery can be performed to lift the sagging skin, especially in the upper arm area between the elbow and shoulder, as a result of excessive weight gain or loss.<\/p>\n<p><a href=\"https:\/\/www.diclesevuk.com\/en\/op-dr-dicle-sevuk-hakkinda\/\">Dr. Dicle Sev\u00fck<\/a>, offers aesthetic and artistic approaches with its aesthetic applications; It provides the highest level of care and treatment, from your initial consultation to your post-operative appointments.<\/p>\n<p>&nbsp;<\/p>\n<p>&nbsp;<\/p>\n<p><span style=\"color: #993366;\"><em><strong>Step one: Inspection<\/strong><\/em><\/span><\/p>\n<p>Dr. Dicle Sev\u00fck will evaluate the arm skin and muscle structure during the examination. Since this surgery can be combined with liposuction and other body shaping surgeries, other body elements will be examined along with the arms and surgery options will be presented to you.<\/p>\n<p><span style=\"color: #993366;\"><em><strong>Step two: Preparation<\/strong><\/em><\/span><\/p>\n<p>Routine blood tests are performed before surgery. If you smoke, it is recommended that you quit at least one month in advance. If you have diabetes, blood sugar must be regulated before surgery. If you have had varicose veins or previous deep vein thrombosis or embolism; Inform your doctor to take the necessary precautions before surgery.<\/p>\n<p><span style=\"color: #993366;\"><em><strong>Step three: Options<\/strong><\/em><\/span><\/p>\n<p>Arm lift surgeries can be removed alone or combined with liposuction and other body shaping surgeries. You can decide on the most suitable combination of surgeries for you with your doctor during your examination.<\/p>\n<p><span style=\"color: #993366;\"><em><strong>Frequently asked questions<\/strong><\/em><\/span><\/p>\n<p>1. Where will the surgery be performed?<br \/>\nThe surgery is performed in fully equipped hospitals for your safety and comfort.<\/p>\n<p>2. What are the anesthesia options?<br \/>\nArm lift surgeries are performed under general anesthesia.<\/p>\n<p>3.\u00a0How long does the surgery take?<br \/>\nArm lift surgery takes 1-1.5 hours. If combined with other surgeries, the duration may be longer.<\/p>\n<p>4. Will there be any scars?<br \/>\nYes, arm lift surgery leaves scars on the inside of the arm that you can hide. However, the scars will become much lighter over time. In cases where the excess skin is very limited, the scar can be left under the armpit.<\/p>\n<p>5. What is the recovery process like?<br \/>\nYou are discharged one day after the procedure. It is necessary to use a corset for three weeks. You can return to daily life within 1-2 days. Heavy sports are not recommended for 4-6 weeks.<\/p>\n<p><span style=\"color: #993366;\"><em><strong>For all your other questions and the most up-to-date price information;<\/strong><\/em><\/span><br \/>\nYou can immediately call +90 542 255 92 99,<br \/>\n<a href=\"https:\/\/www.diclesevuk.com\/en\/contact-us\/\">You can fill out the contact form by clicking here<\/a>,<br \/>\n<a href=\"mailto:info@diclesevuk.com\">info@diclesevuk.com<\/a> You can send an e-mail to info@diclesevuk.com<\/p>","protected":false},"excerpt":{"rendered":"<p>\u2013 Daha s\u0131k\u0131 kollar ister misiniz? &nbsp; A\u015f\u0131r\u0131 kilo al\u0131p verme sonucunda, \u00f6zellikle dirsek omuz aras\u0131 \u00fcst kol b\u00f6lgesinde sarkan deriyi toparlamak amac\u0131yla kol germe ameliyat\u0131 yap\u0131labilir. Dr. Dicle Sev\u00fck, estetik uygulamalar\u0131 ile estetik ve sanatsal yakla\u015f\u0131mlar sunarak; ilk kons\u00fcltasyonunuzdan, ameliyat sonras\u0131 randevular\u0131n\u0131za kadar, en \u00fcst d\u00fczeyde bak\u0131m ve tedavi sa\u011flamaktad\u0131r. &nbsp; &nbsp; \u0130lk ad\u0131m: &hellip;<\/p>","protected":false},"author":1,"featured_media":0,"parent":0,"menu_order":0,"comment_status":"closed","ping_status":"closed","template":"","meta":{"footnotes":""},"class_list":["post-536","page","type-page","status-publish","hentry"],"_links":{"self":[{"href":"https:\/\/www.diclesevuk.com\/en\/wp-json\/wp\/v2\/pages\/536"}],"collection":[{"href":"https:\/\/www.diclesevuk.com\/en\/wp-json\/wp\/v2\/pages"}],"about":[{"href":"https:\/\/www.diclesevuk.com\/en\/wp-json\/wp\/v2\/types\/page"}],"author":[{"embeddable":true,"href":"https:\/\/www.diclesevuk.com\/en\/wp-json\/wp\/v2\/users\/1"}],"replies":[{"embeddable":true,"href":"https:\/\/www.diclesevuk.com\/en\/wp-json\/wp\/v2\/comments?post=536"}],"version-history":[{"count":14,"href":"https:\/\/www.diclesevuk.com\/en\/wp-json\/wp\/v2\/pages\/536\/revisions"}],"predecessor-version":[{"id":1516,"href":"https:\/\/www.diclesevuk.com\/en\/wp-json\/wp\/v2\/pages\/536\/revisions\/1516"}],"wp:attachment":[{"href":"https:\/\/www.diclesevuk.com\/en\/wp-json\/wp\/v2\/media?parent=536"}],"curies":[{"name":"wp","href":"https:\/\/api.w.org\/{rel}","templated":true}]}}