{"id":516,"date":"2016-05-10T16:29:13","date_gmt":"2016-05-10T13:29:13","guid":{"rendered":"http:\/\/www.diclesevuk.com\/?page_id=516"},"modified":"2019-03-19T17:39:42","modified_gmt":"2019-03-19T14:39:42","slug":"otoplasti","status":"publish","type":"page","link":"https:\/\/www.diclesevuk.com\/en\/otoplasti\/","title":{"rendered":"Ear aesthetics (OTOPLASTY)"},"content":{"rendered":"<p style=\"text-align: center;\"><span style=\"color: #800080;\"><strong><em>\u2013 Would you like to get rid of the prominent ear appearance?<\/em><\/strong><\/span><\/p>\n<p>The appearance of the outer ear is very important, especially in childhood, when body perception begins to form. The prominent ear appearance can cause psychological problems at any age.<\/p>\n<p>Protruding ear correction surgery is a good treatment option for those who are unhappy with this deformity. The surgery can be performed under general anesthesia in childhood and under general\/local anesthesia in adults. Through an incision made behind the ear, the ear cartilages are accessed, shaped, aesthetic folds are created, and the auricle is moved further back to provide an angle compatible with the head.<\/p>\n<p>You can be discharged on the same day and return to daily life within a few days. By wearing a special band for 4-6 weeks, the ear is protected and the permanence of the new shape is ensured.<\/p>\n<p><span style=\"color: #993366;\"><em><strong>For all your other questions and the most up-to-date price information;<\/strong><\/em><\/span><br \/>\nYou can immediately call +90 542 255 92 99,<br \/>\n<a href=\"https:\/\/www.diclesevuk.com\/en\/contact-us\/\">You can fill out the contact form by clicking here<\/a>,<br \/>\n<a href=\"mailto:info@diclesevuk.com\">info@diclesevuk.com<\/a> You can send an e-mail to info@diclesevuk.com<\/p>\n<p>&nbsp;<\/p>","protected":false},"excerpt":{"rendered":"<p>\u2013 Kep\u00e7e kulak g\u00f6r\u00fcn\u00fcm\u00fcnden kurtulmak ister misiniz? D\u0131\u015f kulak g\u00f6r\u00fcn\u00fcm\u00fc \u00f6zellik \u00e7ocuklukta beden alg\u0131s\u0131n\u0131n olu\u015fmaya ba\u015flad\u0131\u011f\u0131 ya\u015flarda \u00e7ok \u00f6nemlidir. Kep\u00e7e kulak g\u00f6r\u00fcn\u00fcm\u00fc her ya\u015fta psikolojik sorun olu\u015fturabilir. Kep\u00e7e kulak d\u00fczeltilmesi ameliyat\u0131, bu deformiteden mutsuz olanlara iyi bir tedavi se\u00e7ene\u011fidir. Ameliyat, \u00e7ocukluk d\u00f6neminde genel anestezi, eri\u015fkinde genel\/lokal anestezi alt\u0131nda yap\u0131labilir. Kulak arkas\u0131ndan yap\u0131lan kesi ile kulak &hellip;<\/p>","protected":false},"author":1,"featured_media":0,"parent":0,"menu_order":0,"comment_status":"closed","ping_status":"closed","template":"","meta":{"footnotes":""},"class_list":["post-516","page","type-page","status-publish","hentry"],"_links":{"self":[{"href":"https:\/\/www.diclesevuk.com\/en\/wp-json\/wp\/v2\/pages\/516"}],"collection":[{"href":"https:\/\/www.diclesevuk.com\/en\/wp-json\/wp\/v2\/pages"}],"about":[{"href":"https:\/\/www.diclesevuk.com\/en\/wp-json\/wp\/v2\/types\/page"}],"author":[{"embeddable":true,"href":"https:\/\/www.diclesevuk.com\/en\/wp-json\/wp\/v2\/users\/1"}],"replies":[{"embeddable":true,"href":"https:\/\/www.diclesevuk.com\/en\/wp-json\/wp\/v2\/comments?post=516"}],"version-history":[{"count":19,"href":"https:\/\/www.diclesevuk.com\/en\/wp-json\/wp\/v2\/pages\/516\/revisions"}],"predecessor-version":[{"id":1279,"href":"https:\/\/www.diclesevuk.com\/en\/wp-json\/wp\/v2\/pages\/516\/revisions\/1279"}],"wp:attachment":[{"href":"https:\/\/www.diclesevuk.com\/en\/wp-json\/wp\/v2\/media?parent=516"}],"curies":[{"name":"wp","href":"https:\/\/api.w.org\/{rel}","templated":true}]}}