{"id":512,"date":"2016-05-10T16:28:14","date_gmt":"2016-05-10T13:28:14","guid":{"rendered":"http:\/\/www.diclesevuk.com\/?page_id=512"},"modified":"2024-05-05T22:01:32","modified_gmt":"2024-05-05T19:01:32","slug":"labiyoplasti","status":"publish","type":"page","link":"https:\/\/www.diclesevuk.com\/en\/labiyoplasti\/","title":{"rendered":"Genital Aesthetics (Vaginoplasty)"},"content":{"rendered":"<p style=\"text-align: left;\"><em><strong><img loading=\"lazy\" decoding=\"async\" class=\"wp-image-679 alignleft\" src=\"https:\/\/www.diclesevuk.com\/wp-content\/uploads\/2016\/06\/yellow-polka-dot-bikini-2-1432393-225x300.jpg\" alt=\"\" width=\"242\" height=\"323\" srcset=\"https:\/\/www.diclesevuk.com\/wp-content\/uploads\/2016\/06\/yellow-polka-dot-bikini-2-1432393-225x300.jpg 225w, https:\/\/www.diclesevuk.com\/wp-content\/uploads\/2016\/06\/yellow-polka-dot-bikini-2-1432393-600x800.jpg 600w, https:\/\/www.diclesevuk.com\/wp-content\/uploads\/2016\/06\/yellow-polka-dot-bikini-2-1432393-768x1024.jpg 768w, https:\/\/www.diclesevuk.com\/wp-content\/uploads\/2016\/06\/yellow-polka-dot-bikini-2-1432393.jpg 960w\" sizes=\"(max-width: 242px) 100vw, 242px\" \/><\/strong><\/em>Within genital area plastic surgery, labiaplasty is a surgical procedure that reduces and\/or reshapes the inner skin (labia minora) that covers the female clitoris and vaginal opening. In some cases, women have very large labia on one or both sides and may experience discomfort during sexual intercourse or daily activities. The reasons for choosing genital aesthetic applications are mostly; for appearance, comfort or renovation purposes.<\/p>\n<p><span style=\"color: #993366;\"><em><strong>Appearance;<\/strong><\/em><\/span> although there is no aesthetic standard for female genitalia, women generally want a symmetrical appearance without extra skin folds and without overly large inner or outer labia.<\/p>\n<p><span style=\"color: #993366;\"><em><strong>Comfort;<\/strong><\/em><\/span> due to genetics, childbearing, weight gain, or when not having sexual intercourse, the female genitalia may appear tense or enlarged, causing discomfort.<\/p>\n<p><span style=\"color: #993366;\"><em><strong>Renovation;<\/strong><\/em><\/span> women who have not previously undergone genital surgery or whose expectations do not meet their expectations will greatly benefit from genital reconstructive surgery performed by Dr. Dicle Sev\u00fck.<\/p>\n<p><a href=\"https:\/\/www.diclesevuk.com\/en\/op-dr-dicle-sevuk-hakkinda\/\">Dr. Dicle Sev\u00fck<\/a>, provides the highest level of care and treatment, from your initial consultation to your post-operative appointments.<\/p>\n<p><span style=\"color: #993366;\"><em><strong>Step one: Chat and examination<\/strong><\/em><\/span><br \/>\nYour first examination is the first step in making the decision for surgical procedure. Since this is such a personal decision, Dr. Dicle Sev\u00fck provides a relaxing chat environment where all your questions and concerns, if any, will be addressed.<\/p>\n<p><span style=\"color: #993366;\"><em><strong>Step two: Preparation<\/strong><\/em><\/span><br \/>\nHaving any type of surgery can cause anxiety. To alleviate this, by providing useful information about the jointly decided procedure; The focus is on making the necessary preparations and making you comfortable.<\/p>\n<p><span style=\"color: #993366;\"><em><strong>Step three: Process and recovery process<\/strong><\/em><\/span><br \/>\nThis procedure is usually done on an outpatient basis under local anesthesia. A strong numbing cream is applied to the area, followed by local anesthesia. Numbness in the subcutaneous tissues with drug injection. Afterwards, swelling may last for up to two weeks. Light activities can usually be done for a few days after surgery, and most patients do not use pain medication for more than a few days. There are many ways to perform this surgery, and Dr. Dicle Sev\u00fck will help you inform and guide you on the most appropriate method.<\/p>\n<p><span style=\"color: #993366;\"><em><strong>Frequently asked questions<\/strong><\/em><\/span><br \/>\n1. Where will the surgery be performed?<br \/>\nIt is performed in hospitals where your comfort will be at the highest level. Hospital options where the procedure will be performed will be presented to you during the examination.<\/p>\n<p>2. What are the anesthesia options?<br \/>\nIt is performed under local anesthesia.<\/p>\n<p>3. What is the recovery process like after surgery?<br \/>\nA slight discomfort and swelling may be felt, which usually disappears completely after 1-2 weeks.<\/p>\n<p>4. How long does the surgery take?<br \/>\nThe surgery duration is about 1 hour.<\/p>\n<p>5. Is the price expensive?<br \/>\nAlthough it may vary depending on the application to be made, both the competition between private hospitals and the widespread use of the application make the prices more affordable than in the past.<\/p>\n<p>6. Is the surgery risky?<br \/>\nIt is one of the least risky.<\/p>\n<p>7. Do I need to spend a lot of time?<\/p>\n<p>8. Will there be any scars?<br \/>\nRecovery after the procedure is usually rapid and rarely noticeable.<\/p>\n<p>9. Is there any loss of sensation?<br \/>\nThere may be increased sensation.<\/p>\n<p>10. Is it visible from the outside?<br \/>\nNo.<\/p>\n<p><span style=\"color: #993366;\"><em><strong>For all your questions and the most up-to-date price information;<\/strong><\/em><\/span><br \/>\nYou can immediately call +90 542 255 92 99,<br \/>\n<a href=\"https:\/\/www.diclesevuk.com\/en\/contact-us\/\">You can fill out the contact form by clicking here<\/a>,<br \/>\n<a href=\"mailto:info@diclesevuk.com\">info@diclesevuk.com<\/a> You can send an e-mail to info@diclesevuk.com<\/p>\n<p>&nbsp;<\/p>","protected":false},"excerpt":{"rendered":"<p>Genital b\u00f6lge estetik cerrahileri i\u00e7inde labiaplasti, kad\u0131n klitorisini ve vajinal a\u00e7\u0131kl\u0131\u011f\u0131 kapsayan i\u00e7 cildi (labia minora) azaltan ve \/ veya yeniden \u015fekillendiren cerrahi bir i\u015flemdir. Baz\u0131 durumlarda, kad\u0131nlar bir tarafta veya her iki tarafta \u00e7ok b\u00fcy\u00fck labialara sahiptir ve cinsel ili\u015fki s\u0131ras\u0131nda veya g\u00fcnl\u00fck aktiviteler s\u0131ras\u0131nda rahats\u0131zl\u0131k duyabilirler.\u00a0Genital estetik uygulamalar\u0131n\u0131n tercih sebepleri \u00e7o\u011funlukla; g\u00f6r\u00fcn\u00fcm, konfor &hellip;<\/p>","protected":false},"author":1,"featured_media":0,"parent":0,"menu_order":0,"comment_status":"closed","ping_status":"closed","template":"","meta":{"footnotes":""},"class_list":["post-512","page","type-page","status-publish","hentry"],"_links":{"self":[{"href":"https:\/\/www.diclesevuk.com\/en\/wp-json\/wp\/v2\/pages\/512"}],"collection":[{"href":"https:\/\/www.diclesevuk.com\/en\/wp-json\/wp\/v2\/pages"}],"about":[{"href":"https:\/\/www.diclesevuk.com\/en\/wp-json\/wp\/v2\/types\/page"}],"author":[{"embeddable":true,"href":"https:\/\/www.diclesevuk.com\/en\/wp-json\/wp\/v2\/users\/1"}],"replies":[{"embeddable":true,"href":"https:\/\/www.diclesevuk.com\/en\/wp-json\/wp\/v2\/comments?post=512"}],"version-history":[{"count":20,"href":"https:\/\/www.diclesevuk.com\/en\/wp-json\/wp\/v2\/pages\/512\/revisions"}],"predecessor-version":[{"id":1691,"href":"https:\/\/www.diclesevuk.com\/en\/wp-json\/wp\/v2\/pages\/512\/revisions\/1691"}],"wp:attachment":[{"href":"https:\/\/www.diclesevuk.com\/en\/wp-json\/wp\/v2\/media?parent=512"}],"curies":[{"name":"wp","href":"https:\/\/api.w.org\/{rel}","templated":true}]}}