{"id":510,"date":"2016-05-10T16:27:44","date_gmt":"2016-05-10T13:27:44","guid":{"rendered":"http:\/\/www.diclesevuk.com\/?page_id=510"},"modified":"2019-03-04T16:40:49","modified_gmt":"2019-03-04T13:40:49","slug":"kriyolipoliz","status":"publish","type":"page","link":"https:\/\/www.diclesevuk.com\/en\/kriyolipoliz\/","title":{"rendered":"Ya\u011f h\u00fccrelerinin par\u00e7alanmas\u0131"},"content":{"rendered":"<p>Ya\u011f h\u00fccrelerinin dondurulmas\u0131 ve b\u00f6ylece par\u00e7alanmas\u0131 (Kriyolipoliz)<\/p>\n<p>For all your questions and the most up-to-date price information;<br \/>\nYou can immediately call +90 542 255 92 99,<br \/>\n<a href=\"https:\/\/www.diclesevuk.com\/en\/contact-us\/\">You can fill out the contact form by clicking here<\/a>,<br \/>\n<a href=\"mailto:info@diclesevuk.com\">info@diclesevuk.com<\/a> You can send an e-mail to info@diclesevuk.com<\/p>","protected":false},"excerpt":{"rendered":"<p>Ya\u011f h\u00fccrelerinin dondurulmas\u0131 ve b\u00f6ylece par\u00e7alanmas\u0131 (Kriyolipoliz) T\u00fcm sorular\u0131n\u0131z ve en g\u00fcncel fiyat bilgisi i\u00e7in; 0 542 255 92 99 nolu telefonu arayabilir, Buraya t\u0131klayarak ileti\u015fim formunu doldurabilir, info@diclesevuk.com adresine mail g\u00f6nderebilirsiniz&#8230;<\/p>","protected":false},"author":1,"featured_media":0,"parent":0,"menu_order":0,"comment_status":"closed","ping_status":"closed","template":"","meta":{"footnotes":""},"class_list":["post-510","page","type-page","status-publish","hentry"],"_links":{"self":[{"href":"https:\/\/www.diclesevuk.com\/en\/wp-json\/wp\/v2\/pages\/510"}],"collection":[{"href":"https:\/\/www.diclesevuk.com\/en\/wp-json\/wp\/v2\/pages"}],"about":[{"href":"https:\/\/www.diclesevuk.com\/en\/wp-json\/wp\/v2\/types\/page"}],"author":[{"embeddable":true,"href":"https:\/\/www.diclesevuk.com\/en\/wp-json\/wp\/v2\/users\/1"}],"replies":[{"embeddable":true,"href":"https:\/\/www.diclesevuk.com\/en\/wp-json\/wp\/v2\/comments?post=510"}],"version-history":[{"count":3,"href":"https:\/\/www.diclesevuk.com\/en\/wp-json\/wp\/v2\/pages\/510\/revisions"}],"predecessor-version":[{"id":1202,"href":"https:\/\/www.diclesevuk.com\/en\/wp-json\/wp\/v2\/pages\/510\/revisions\/1202"}],"wp:attachment":[{"href":"https:\/\/www.diclesevuk.com\/en\/wp-json\/wp\/v2\/media?parent=510"}],"curies":[{"name":"wp","href":"https:\/\/api.w.org\/{rel}","templated":true}]}}