{"id":21,"date":"2015-02-18T14:46:11","date_gmt":"2015-02-18T14:46:11","guid":{"rendered":"http:\/\/xml-io.proteusthemes.com\/mentalpress\/?page_id=21"},"modified":"2020-05-06T23:34:32","modified_gmt":"2020-05-06T20:34:32","slug":"contact-us","status":"publish","type":"page","link":"https:\/\/www.diclesevuk.com\/en\/contact-us\/","title":{"rendered":"For Contact &amp; Information"},"content":{"rendered":"<div id=\"pl-21\"  class=\"panel-layout\" >\n<div id=\"pg-21-0\"  class=\"panel-grid panel-has-style\"  data-style=\"{&quot;padding&quot;:&quot;-15px&quot;,&quot;background_display&quot;:&quot;tile&quot;}\" >\n<div class=\"panel-row-style panel-row-style-for-21-0\" >\n<div id=\"pgc-21-0-0\"  class=\"panel-grid-cell\"  data-weight=\"0.33333333333333\" >\n<div id=\"panel-21-0-0-0\" class=\"so-panel widget widget_black-studio-tinymce widget_black_studio_tinymce panel-first-child panel-last-child\" data-index=\"0\" data-style=\"{&quot;background_image_attachment&quot;:false,&quot;background_display&quot;:&quot;tile&quot;}\" >\n<div class=\"textwidget\">\n<h5>Op. Dr. Dicle Sev\u00fck<\/h5>\n<p>Barbaros Mah. Akzambak Sok.<\/p>\n<p>Uphill Towers A Blok No:75<\/p>\n<p>Ata\u015fehir, \u0130stanbul<\/p>\n<p>+90-542-255-9299<br \/>\ninfo@diclesevuk.com<\/p><\/div>\n<\/div>\n<\/div>\n<div id=\"pgc-21-0-1\"  class=\"panel-grid-cell\"  data-weight=\"0.66666666666667\" >\n<div id=\"panel-21-0-1-0\" class=\"so-panel widget widget_text panel-first-child panel-last-child\" data-index=\"1\" data-style=\"{&quot;background_display&quot;:&quot;tile&quot;}\" >\n<div class=\"textwidget\">\n<div role=\"form\" class=\"wpcf7\" id=\"wpcf7-f17-o2\" lang=\"en-US\" dir=\"ltr\">\n<div class=\"screen-reader-response\"><\/div>\n<form action=\"\/en\/wp-admin\/post.php\/#wpcf7-f17-o2\" method=\"post\" class=\"wpcf7-form\" novalidate=\"novalidate\" data-trp-original-action=\"\/wp-admin\/post.php#wpcf7-f17-o2\">\n<div style=\"display: none;\">\n<input type=\"hidden\" name=\"_wpcf7\" value=\"17\" \/><br \/>\n<input type=\"hidden\" name=\"_wpcf7_version\" value=\"5.1.1\" \/><br \/>\n<input type=\"hidden\" name=\"_wpcf7_locale\" value=\"en_US\" \/><br \/>\n<input type=\"hidden\" name=\"_wpcf7_unit_tag\" value=\"wpcf7-f17-o2\" \/><br \/>\n<input type=\"hidden\" name=\"_wpcf7_container_post\" value=\"0\" \/><br \/>\n<input type=\"hidden\" name=\"g-recaptcha-response\" value=\"\" \/>\n<\/div>\n<div class=\"row\">\n<div class=\"col-xs-12  col-sm-6\">\n       <span class=\"wpcf7-form-control-wrap your-name\"><input type=\"text\" name=\"your-name\" value=\"\" size=\"40\" class=\"wpcf7-form-control wpcf7-text wpcf7-validates-as-required\" aria-required=\"true\" aria-invalid=\"false\" placeholder=\"Name\" \/><\/span><br \/>\n       <span class=\"wpcf7-form-control-wrap your-subject\"><input type=\"text\" name=\"your-subject\" value=\"\" size=\"40\" class=\"wpcf7-form-control wpcf7-text wpcf7-validates-as-required\" aria-required=\"true\" aria-invalid=\"false\" placeholder=\"Subject\" \/><\/span> <\/p>\n<\/div>\n<div class=\"col-xs-12  col-sm-6\">\n       <span class=\"wpcf7-form-control-wrap your-email\"><input type=\"email\" name=\"your-email\" value=\"\" size=\"40\" class=\"wpcf7-form-control wpcf7-text wpcf7-email wpcf7-validates-as-required wpcf7-validates-as-email\" aria-required=\"true\" aria-invalid=\"false\" placeholder=\"E-mail\" \/><\/span><br \/>\n       <span class=\"wpcf7-form-control-wrap tel-140\"><input type=\"tel\" name=\"tel-140\" value=\"\" size=\"40\" class=\"wpcf7-form-control wpcf7-text wpcf7-tel wpcf7-validates-as-required wpcf7-validates-as-tel\" aria-required=\"true\" aria-invalid=\"false\" placeholder=\"Telephone\" \/><\/span><\/p>\n<\/div>\n<div class=\"col-xs-12  col-sm-12\">\n      <span class=\"wpcf7-form-control-wrap your-message\"><textarea name=\"your-message\" cols=\"40\" rows=\"10\" class=\"wpcf7-form-control wpcf7-textarea\" aria-invalid=\"false\" placeholder=\"How can we help you?\"><\/textarea><\/span><br \/>\n      <input type=\"submit\" value=\"Send Message\" class=\"wpcf7-form-control wpcf7-submit btn btn-primary\" \/>\n    <\/div>\n<\/div>\n<div class=\"wpcf7-response-output wpcf7-display-none\"><\/div>\n<input type=\"hidden\" name=\"trp-form-language\" value=\"en\"\/><\/form>\n<\/div>\n<\/div><\/div>\n<\/div>\n<\/div>\n<\/div>\n<\/div>","protected":false},"excerpt":{"rendered":"<p>Op. Dr. Dicle Sev\u00fck Barbaros Mah. Akzambak Sok. Uphill Towers A Blok No:75 Ata\u015fehir, \u0130stanbul +90-542-255-9299 info@diclesevuk.com<\/p>","protected":false},"author":1,"featured_media":0,"parent":0,"menu_order":0,"comment_status":"closed","ping_status":"closed","template":"","meta":{"footnotes":""},"class_list":["post-21","page","type-page","status-publish","hentry"],"_links":{"self":[{"href":"https:\/\/www.diclesevuk.com\/en\/wp-json\/wp\/v2\/pages\/21"}],"collection":[{"href":"https:\/\/www.diclesevuk.com\/en\/wp-json\/wp\/v2\/pages"}],"about":[{"href":"https:\/\/www.diclesevuk.com\/en\/wp-json\/wp\/v2\/types\/page"}],"author":[{"embeddable":true,"href":"https:\/\/www.diclesevuk.com\/en\/wp-json\/wp\/v2\/users\/1"}],"replies":[{"embeddable":true,"href":"https:\/\/www.diclesevuk.com\/en\/wp-json\/wp\/v2\/comments?post=21"}],"version-history":[{"count":11,"href":"https:\/\/www.diclesevuk.com\/en\/wp-json\/wp\/v2\/pages\/21\/revisions"}],"predecessor-version":[{"id":1672,"href":"https:\/\/www.diclesevuk.com\/en\/wp-json\/wp\/v2\/pages\/21\/revisions\/1672"}],"wp:attachment":[{"href":"https:\/\/www.diclesevuk.com\/en\/wp-json\/wp\/v2\/media?parent=21"}],"curies":[{"name":"wp","href":"https:\/\/api.w.org\/{rel}","templated":true}]}}