{"id":1485,"date":"2019-07-26T22:56:59","date_gmt":"2019-07-26T19:56:59","guid":{"rendered":"http:\/\/www.diclesevuk.com\/?page_id=1485"},"modified":"2024-05-06T21:34:53","modified_gmt":"2024-05-06T18:34:53","slug":"jinekomasti-tedavisi","status":"publish","type":"page","link":"https:\/\/www.diclesevuk.com\/en\/jinekomasti-tedavisi\/","title":{"rendered":"Gynecomastia treatment"},"content":{"rendered":"<p style=\"text-align: center;\"><span style=\"color: #800080;\"><em><strong>Gynecomastia treatment<\/strong><\/em><\/span><\/p>\n<p>Gynecomastia is defined as excessive breast enlargement in men. It can occur in infancy and old age, as well as in adolescence. Gynecomastia, which occurs especially during adolescence, can negatively affect the psychological state of the individual.<\/p>\n<p>Most of the time, no underlying disease can be found in gynecomastia. The most common is the change in hormone levels due to natural reasons and the resulting growth of breast tissue that is sensitive to this. Other causes include obesity, which is increasingly common, various drugs (antiandrogens, anabolic steroids, some anxiolytic drugs, some antidepressants, chemotherapies, some calcium channel blocker drugs), alcohol, amphetamine use, hypogonadism, various tumors, liver failure, renal failure, malnutrition, some herbal medicines. products can be counted.<\/p>\n<p>Gynecomastia is diagnosed by physical examination, as well as various hormone tests, liver and kidney tests, and examinations of other organs if there are other complaints, in order to investigate the presence of an underlying cause. Breast ultrasound is very important to investigate whether there is a mass in the breast.<\/p>\n<p><span style=\"color: #800080;\"><em><strong>Step one: Inspection<\/strong><\/em><\/span><\/p>\n<p>At your first meeting, it is very important to inform your doctor about your complaint, medical history, medications you use and diseases you have had.<\/p>\n<p>Dr. Dicle Sev\u00fck will examine and measure your breasts and photograph them before and after surgery. She will discuss variables that may affect the procedure, such as your age and the condition of your breasts and skin.<\/p>\n<p>Dr. Dicle Sev\u00fck describes the procedure in detail, explains its risks and limitations, and explains in detail the scar that will result. She will also give information about the anesthesia method and the hospital where the surgery will be performed.<\/p>\n<p><span style=\"color: #800080;\"><em><strong>Step two: Preparation<\/strong><\/em><\/span><\/p>\n<p>Various tests and breast ultrasonography may be requested to investigate whether there is any condition that may cause gynecomastia. It is also desirable to quit smoking. It will give you information about taking or avoiding certain vitamins and medications. Your doctor may recommend that you go on a diet before surgery.<\/p>\n<p>Treatment options for gynecomastia are determined according to the type of gynecomastia. In addition, if your complaint lasts longer than 1 year, if the breast tissue just below the nipple is wider than 4 cm, if there is obesity, and if the excess skin along with the breast tissue is significant, surgical treatment is required.<\/p>\n<p><span style=\"color: #800080;\"><em><strong>Step three: Surgery<\/strong><\/em><\/span><\/p>\n<p>Jinekomasti tipine g\u00f6re sadece liposuction, veya liposuction ile birlikle meme dokusunun ve hatta bir miktar cilt dokusunun \u00e7\u0131kar\u0131lmas\u0131 uygulanabilir. Ameliyat, genel anestezi alt\u0131nda yap\u0131l\u0131r, ameliyattan sonra 1 g\u00fcn hastane kal\u0131p sonras\u0131nda taburcu olabilirsiniz<\/p>\n<p><span style=\"color: #800080;\"><em><strong>Step four: Risks<\/strong><\/em><\/span><\/p>\n<p>Gynecomastia surgery is one of the surgeries that is normally performed safely. However, as with any surgery, there is a possibility of complications, including bleeding, infection, or reaction to anesthesia. You can reduce your risks by closely following your doctor's recommendations both before and after surgery. The procedure may leave scars (delayed wound healing, larger scars are more common in smokers.) Although rare, smokers or diabetics may experience circulation problems in the nipple after this surgery.<\/p>\n<p><span style=\"color: #800080;\"><em><strong>Frequently asked questions<\/strong><\/em><\/span><\/p>\n<p>1. Jinekomasti ameliyat\u0131 nerede yap\u0131lacak?<br \/>\nGynecomastia surgery can be performed in different hospitals; Your doctor will provide information. Your hospital stay will be short.<\/p>\n<p>2. What are the anesthesia options?<br \/>\nFor comfort and safety, gynecomastia surgery is performed under general anesthesia.<\/p>\n<p>3. How long does the surgery take?<br \/>\nThe surgery duration is about 2-2.5 hours.<\/p>\n<p>4. What is the recovery process like after surgery?<br \/>\nAmeliyattan sonra \u00f6zel bir korse giyilmesi gereklidir. Hastanede bir g\u00fcn kalacaks\u0131n\u0131z. \u0130lk birka\u00e7 g\u00fcn i\u00e7in hafif a\u011fr\u0131 hissedebilirsiniz. Dr. Dicle Sev\u00fck a\u011fr\u0131y\u0131 azaltmak i\u00e7in ila\u00e7 \u00f6nerecektir. Ameliyattan bir veya iki g\u00fcn sonra bandajlar \u00e7\u0131kar\u0131l\u0131r ve korse kullan\u0131m\u0131na 4-6 hafta kadar devam edilir. Ameliyattan birka\u00e7 g\u00fcn sonra g\u00fcnl\u00fck hayat\u0131n\u0131za d\u00f6nebilirsiniz. A\u011f\u0131 sporlar\u0131n 4 -6 hafta yap\u0131lmas\u0131 \u00f6nerilmez. G\u00f6\u011f\u00fcsleriniz yeni \u015fekillerini almas\u0131 alt\u0131 ay ile bir y\u0131l s\u00fcrebilir.<\/p>\n<p>5. Will there be scars after the surgery?<br \/>\nDr. Dicle Sev\u00fck will make every effort to make your scars as inconspicuous as possible. When tissue is removed only through liposuction or liposuction as well as small incisions made from the nipple, the scars will be very small and indistinct. In more advanced stages of gynecomastia, if excess skin is removed, more visible scars may remain.<\/p>\n<p><span style=\"color: #800080;\"><em><strong>Other questions<\/strong><\/em><\/span><\/p>\n<p>1. Is the price expensive? Although it may vary depending on the application to be made, both the competition between private hospitals and the widespread use of the application make the prices more affordable than in the past.<\/p>\n<p>2. \u00c7ok vakit ay\u0131rmak gerekir mi? 2-2,5 saat kadar s\u00fcren bir ameliyat ve bir gece hastanede kald\u0131ktan sonra, bir hafta kadar evde istirahatte olmakta fayda var.<\/p>\n<p>3. Is there anyone dissatisfied? It is a highly preferred operation and we have not encountered anyone who was dissatisfied. First of all, you will feel very relieved psychologically. You will be full of confidence in your clothing or movements.<\/p>\n<p>4. Will there be any scars? In early stage Gynecomastia, small scars will remain after surgery but will fade over time.<\/p>\n<p>5. Is there any loss of sensation? There will be some loss of sensation in the breast, but some of it will return over time.<\/p>\n<p><span style=\"color: #800080;\"><em><strong>For all your other questions and the most up-to-date price information;<\/strong><\/em><\/span><br \/>\nYou can immediately call +90 542 255 92 99,<br \/>\n<a href=\"https:\/\/www.diclesevuk.com\/en\/contact-us\/\">You can fill out the contact form by clicking here<\/a>,<br \/>\n<a href=\"mailto:info@diclesevuk.com\">info@diclesevuk.com<\/a>\u00a0You can send an e-mail to info@diclesevuk.com<\/p>","protected":false},"excerpt":{"rendered":"<p>Jinekomasti tedavisi Jinekomasti, erkekte memenin a\u015f\u0131r\u0131 b\u00fcy\u00fcmesi olarak tan\u0131mlan\u0131r. Bebeklik ve ya\u015fl\u0131l\u0131k d\u00f6neminde ortaya \u00e7\u0131kabilece\u011fi gibi ergenlik d\u00f6neminde de g\u00f6r\u00fclebilir. \u00d6zellikle ergenlik d\u00f6neminde olu\u015fan jinekomasti, bireyin psikolojik durumunu olumsuz etkileyebilmektedir. Jinekomasti&#8217;de \u00e7o\u011fu zaman altta yatan bir hastal\u0131k bulunamaz. En s\u0131k, do\u011fal nedenlerle hormon d\u00fczeylerinin de\u011fi\u015fmesi ve sonu\u00e7ta buna duyarl\u0131 meme dokusunun b\u00fcy\u00fcmesidir. Di\u011fer sebepler aras\u0131nda &hellip;<\/p>","protected":false},"author":1,"featured_media":0,"parent":0,"menu_order":0,"comment_status":"closed","ping_status":"closed","template":"","meta":{"footnotes":""},"class_list":["post-1485","page","type-page","status-publish","hentry"],"_links":{"self":[{"href":"https:\/\/www.diclesevuk.com\/en\/wp-json\/wp\/v2\/pages\/1485"}],"collection":[{"href":"https:\/\/www.diclesevuk.com\/en\/wp-json\/wp\/v2\/pages"}],"about":[{"href":"https:\/\/www.diclesevuk.com\/en\/wp-json\/wp\/v2\/types\/page"}],"author":[{"embeddable":true,"href":"https:\/\/www.diclesevuk.com\/en\/wp-json\/wp\/v2\/users\/1"}],"replies":[{"embeddable":true,"href":"https:\/\/www.diclesevuk.com\/en\/wp-json\/wp\/v2\/comments?post=1485"}],"version-history":[{"count":9,"href":"https:\/\/www.diclesevuk.com\/en\/wp-json\/wp\/v2\/pages\/1485\/revisions"}],"predecessor-version":[{"id":1722,"href":"https:\/\/www.diclesevuk.com\/en\/wp-json\/wp\/v2\/pages\/1485\/revisions\/1722"}],"wp:attachment":[{"href":"https:\/\/www.diclesevuk.com\/en\/wp-json\/wp\/v2\/media?parent=1485"}],"curies":[{"name":"wp","href":"https:\/\/api.w.org\/{rel}","templated":true}]}}