{"id":1382,"date":"2019-07-25T11:31:39","date_gmt":"2019-07-25T08:31:39","guid":{"rendered":"http:\/\/www.diclesevuk.com\/?page_id=1382"},"modified":"2024-05-06T00:13:13","modified_gmt":"2024-05-05T21:13:13","slug":"uyluk-germe","status":"publish","type":"page","link":"https:\/\/www.diclesevuk.com\/en\/uyluk-germe\/","title":{"rendered":"Thigh Lift Aesthetics (Thighplasty)"},"content":{"rendered":"<p style=\"text-align: center;\"><span style=\"color: #800080;\"><em><strong>Thigh lift<\/strong><\/em><\/span><\/p>\n<p><img loading=\"lazy\" decoding=\"async\" class=\"size-medium wp-image-682 alignleft\" src=\"https:\/\/www.diclesevuk.com\/wp-content\/uploads\/2016\/06\/misska-1429199-1919x2878-200x300.jpg\" alt=\"\" width=\"200\" height=\"300\" srcset=\"https:\/\/www.diclesevuk.com\/wp-content\/uploads\/2016\/06\/misska-1429199-1919x2878-200x300.jpg 200w, https:\/\/www.diclesevuk.com\/wp-content\/uploads\/2016\/06\/misska-1429199-1919x2878-600x900.jpg 600w, https:\/\/www.diclesevuk.com\/wp-content\/uploads\/2016\/06\/misska-1429199-1919x2878-768x1152.jpg 768w, https:\/\/www.diclesevuk.com\/wp-content\/uploads\/2016\/06\/misska-1429199-1919x2878-683x1024.jpg 683w, https:\/\/www.diclesevuk.com\/wp-content\/uploads\/2016\/06\/misska-1429199-1919x2878.jpg 1919w\" sizes=\"(max-width: 200px) 100vw, 200px\" \/><\/p>\n<p>&nbsp;<\/p>\n<p>Thigh lift surgery can be performed to tighten the sagging skin on the thigh (upper leg area) as a result of excessive weight gain and loss.<\/p>\n<p>If there is only fat on the examination of the thigh area, if there is no skin sagging or if there is minimal skin loosening, liposuction alone can also provide slimming.<\/p>\n<p>In cases where significant skin sagging is accompanied, it is necessary to remove the sagging skin.<\/p>\n<p><a href=\"https:\/\/www.diclesevuk.com\/en\/op-dr-dicle-sevuk-hakkinda\/\">Dr. Dicle Sev\u00fck<\/a>, provides the highest level of care and treatment, from your initial consultation to your post-operative appointments.<\/p>\n<p>&nbsp;<\/p>\n<p><span style=\"color: #800080;\"><em><strong>Step one: Inspection<\/strong><\/em><\/span><br \/>\nDuring the examination, your doctor will evaluate the skin of the thigh and the level of fat in this area. Since this surgery can be combined with liposuction and other body shaping surgeries, other body elements along with the thigh will be examined and surgery options will be presented to you.<\/p>\n<p><span style=\"color: #800080;\"><em><strong>Step two: Preparation<\/strong><\/em><\/span><br \/>\nRoutine blood tests are performed before surgery. If you smoke, it is recommended that you quit at least one month in advance. If you have diabetes, blood sugar must be regulated before surgery. If you have had varicose veins or previous deep vein thrombosis or embolism, inform your doctor to take the necessary precautions before surgery.<\/p>\n<p><span style=\"color: #800080;\"><em><strong>Step three: Options<\/strong><\/em><\/span><br \/>\nThigh lift surgeries can be removed alone or combined with liposuction and other body contouring surgeries. You can decide on the most suitable combination of surgeries for you with your doctor during your examination.<\/p>\n<p><span style=\"color: #800080;\"><em><strong>Frequently asked questions<\/strong><\/em><\/span><br \/>\n1. Where will the surgery be performed?<br \/>\nThe surgery is performed in fully equipped hospitals for your safety and comfort.<\/p>\n<p>2. What are the anesthesia options?<br \/>\nThigh lift surgeries are performed under general anesthesia, especially if they are combined with other surgeries.<\/p>\n<p>3. How long does the surgery take?<br \/>\nThigh lift surgery takes 2-2.5 hours. If combined with other surgeries, the duration may be longer.<\/p>\n<p>4. Will there be any scars?<br \/>\nYes, thigh lift surgery leaves scars on the inner thigh that you can hide. However, the scars will become much lighter over time.<\/p>\n<p>5. What is the recovery process like?<br \/>\nYou are discharged 1 day after the procedure. It is necessary to use a corset for 3-4 weeks. You can return to daily life within 1-2 days. Heavy sports are not recommended for 4-6 weeks.<\/p>\n<p><span style=\"color: #800080;\"><em><strong>For all your other questions and the most up-to-date price information;<\/strong><\/em><\/span><br \/>\nYou can immediately call +90 542 255 92 99,<br \/>\n<a href=\"https:\/\/www.diclesevuk.com\/en\/contact-us\/\">You can fill out the contact form by clicking here<\/a>,<br \/>\n<a href=\"mailto:info@diclesevuk.com\">info@diclesevuk.com<\/a>\u00a0You can send an e-mail to info@diclesevuk.com<\/p>","protected":false},"excerpt":{"rendered":"<p>Uyluk germe &nbsp; A\u015f\u0131r\u0131 kilo al\u0131p verme sonucunda uyluk (\u00fcst bacak b\u00f6lgesinde) sarkan deriyi toparlamak amac\u0131yla uyluk germe ameliyat\u0131 yap\u0131labilir. Uyluk b\u00f6lgesinin muayenesinde sadece ya\u011flanma varsa deri sarkmas\u0131 e\u015flik etmiyorsa veya minimal deri gev\u015femesi varsa tek ba\u015f\u0131na liposuction da incelme sa\u011flayabilir. Belirgin deri sarkmas\u0131n\u0131n e\u015flik etti\u011fi durumlarda sarkan derinin \u00e7\u0131kar\u0131lmas\u0131 gereklidir. Dr. Dicle Sev\u00fck, ilk &hellip;<\/p>","protected":false},"author":1,"featured_media":0,"parent":0,"menu_order":0,"comment_status":"closed","ping_status":"closed","template":"","meta":{"footnotes":""},"class_list":["post-1382","page","type-page","status-publish","hentry"],"_links":{"self":[{"href":"https:\/\/www.diclesevuk.com\/en\/wp-json\/wp\/v2\/pages\/1382"}],"collection":[{"href":"https:\/\/www.diclesevuk.com\/en\/wp-json\/wp\/v2\/pages"}],"about":[{"href":"https:\/\/www.diclesevuk.com\/en\/wp-json\/wp\/v2\/types\/page"}],"author":[{"embeddable":true,"href":"https:\/\/www.diclesevuk.com\/en\/wp-json\/wp\/v2\/users\/1"}],"replies":[{"embeddable":true,"href":"https:\/\/www.diclesevuk.com\/en\/wp-json\/wp\/v2\/comments?post=1382"}],"version-history":[{"count":7,"href":"https:\/\/www.diclesevuk.com\/en\/wp-json\/wp\/v2\/pages\/1382\/revisions"}],"predecessor-version":[{"id":1718,"href":"https:\/\/www.diclesevuk.com\/en\/wp-json\/wp\/v2\/pages\/1382\/revisions\/1718"}],"wp:attachment":[{"href":"https:\/\/www.diclesevuk.com\/en\/wp-json\/wp\/v2\/media?parent=1382"}],"curies":[{"name":"wp","href":"https:\/\/api.w.org\/{rel}","templated":true}]}}