{"id":1380,"date":"2019-07-25T11:29:53","date_gmt":"2019-07-25T08:29:53","guid":{"rendered":"http:\/\/www.diclesevuk.com\/?page_id=1380"},"modified":"2019-09-19T17:22:48","modified_gmt":"2019-09-19T14:22:48","slug":"kulak-memesi-duzeltilmesi","status":"publish","type":"page","link":"https:\/\/www.diclesevuk.com\/en\/kulak-memesi-duzeltilmesi\/","title":{"rendered":"Earlobe correction"},"content":{"rendered":"<p style=\"text-align: center;\"><span style=\"color: #800080;\"><em><strong>\u2013 Do you need earlobe correction?<\/strong><\/em><\/span><\/p>\n<p>As a result of trauma or long-term use of oral jewellery, a split in the earlobe or a widening of the earring hole in the ear may occur. Earlobe correction can be successfully corrected under local anesthesia in an average of 30 minutes. You can return to daily life immediately. Stitches are removed after 1 week.<\/p>\n<p><span style=\"color: #800080;\"><em><strong>For all your other questions and the most up-to-date price information;<\/strong><\/em><\/span><br \/>\nYou can immediately call +90 542 255 92 99,<br \/>\n<a href=\"https:\/\/www.diclesevuk.com\/en\/contact-us\/\">You can fill out the contact form by clicking here<\/a>,<br \/>\n<a href=\"mailto:info@diclesevuk.com\">info@diclesevuk.com<\/a>\u00a0You can send an e-mail to info@diclesevuk.com<\/p>","protected":false},"excerpt":{"rendered":"<p>\u2013 Kulak memesi d\u00fczeltilmesi ihtiyac\u0131n\u0131z var m\u0131? Travma veya uzun s\u00fcreli a\u011f\u0131z bijuteri kullan\u0131m\u0131 sonucunda kulak memesinde yar\u0131lma veya kulakta k\u00fcpe deli\u011finde geni\u015fleme olabilir. Kulak memesi d\u00fczeltilmesi lokal anestezi alt\u0131nda ortalama 30 dakikal\u0131k bir i\u015flemle ba\u015far\u0131yla d\u00fczeltilebilir. G\u00fcnl\u00fck hayata hemen d\u00f6nebilirsiniz. Diki\u015fler 1 hafta sonra al\u0131n\u0131r. Di\u011fer t\u00fcm sorular\u0131n\u0131z ve en g\u00fcncel fiyat bilgisi i\u00e7in; &hellip;<\/p>","protected":false},"author":1,"featured_media":0,"parent":0,"menu_order":0,"comment_status":"closed","ping_status":"closed","template":"","meta":{"footnotes":""},"class_list":["post-1380","page","type-page","status-publish","hentry"],"_links":{"self":[{"href":"https:\/\/www.diclesevuk.com\/en\/wp-json\/wp\/v2\/pages\/1380"}],"collection":[{"href":"https:\/\/www.diclesevuk.com\/en\/wp-json\/wp\/v2\/pages"}],"about":[{"href":"https:\/\/www.diclesevuk.com\/en\/wp-json\/wp\/v2\/types\/page"}],"author":[{"embeddable":true,"href":"https:\/\/www.diclesevuk.com\/en\/wp-json\/wp\/v2\/users\/1"}],"replies":[{"embeddable":true,"href":"https:\/\/www.diclesevuk.com\/en\/wp-json\/wp\/v2\/comments?post=1380"}],"version-history":[{"count":4,"href":"https:\/\/www.diclesevuk.com\/en\/wp-json\/wp\/v2\/pages\/1380\/revisions"}],"predecessor-version":[{"id":1606,"href":"https:\/\/www.diclesevuk.com\/en\/wp-json\/wp\/v2\/pages\/1380\/revisions\/1606"}],"wp:attachment":[{"href":"https:\/\/www.diclesevuk.com\/en\/wp-json\/wp\/v2\/media?parent=1380"}],"curies":[{"name":"wp","href":"https:\/\/api.w.org\/{rel}","templated":true}]}}