{"id":1378,"date":"2019-07-25T11:29:24","date_gmt":"2019-07-25T08:29:24","guid":{"rendered":"http:\/\/www.diclesevuk.com\/?page_id=1378"},"modified":"2024-05-06T21:21:12","modified_gmt":"2024-05-06T18:21:12","slug":"kepce-kulak-duzeltilmesi","status":"publish","type":"page","link":"https:\/\/www.diclesevuk.com\/en\/kepce-kulak-duzeltilmesi\/","title":{"rendered":"Protruding ear correction"},"content":{"rendered":"<p style=\"text-align: center;\"><span style=\"color: #800080;\"><strong><em>\u2013 Would you like to get rid of the prominent ear appearance?<\/em><\/strong><\/span><\/p>\n<p>Protruding ear structure may cause negative effects on the person psychologically and in social life, especially from childhood. Protruding ears can be corrected surgically in childhood, especially from the pre-school period, and contributes positively to the child's psychosocial development.<\/p>\n<p><span style=\"color: #800080;\"><em><strong>Step one: Inspection<\/strong><\/em><\/span><br \/>\nYour first appointment is the first step towards correcting prominent ears. Dr. Dicle Sev\u00fck provides a relaxing chat environment where all your questions and concerns, if any, will be addressed. Good communication is important and Dr. Dicle Sev\u00fck will be informed in detail about the transaction. During the examination, you should definitely inform your doctor about your medical history, the operations you have had, and the medications you use. If you smoke, it is recommended that you quit 4 weeks ago.<\/p>\n<p><span style=\"color: #800080;\"><em><strong>Step two: Preparation<\/strong><\/em><\/span><br \/>\nHaving any type of surgery can cause anxiety. To alleviate this, by providing useful information about the jointly decided procedure; The focus is on making the necessary preparations and making you comfortable. While prominent ear surgery is performed under general anesthesia in childhood, it can also be easily performed under local anesthesia in adults.<\/p>\n<p>Before your surgery, you will be given information about using or avoiding vitamins and medications and washing your face.<\/p>\n<p>Additionally, if you are going to be operated on under general anesthesia, you should have a relative accompany you before, during and after the surgery; You should ensure that he\/she is with you at least for the first night after the surgery.<\/p>\n<p><em><strong><span style=\"color: #800080;\">Step three: Risks<\/span><\/strong><\/em><br \/>\nProtruding ear surgery is a safe procedure with appropriate patient selection and appropriate anesthesia. You can also reduce your risks by paying attention to your health and following your doctor's preoperative and postoperative instructions closely. However, as with any surgery, there are always risks involved. Risks typically include infection, bleeding, and anesthesia reactions.<\/p>\n<p><span style=\"color: #800080;\"><em><strong>Step four: Return to daily life<\/strong><\/em><\/span><br \/>\nIt is necessary to use bandages for the first few days after prominent ear surgery. You can return to daily life within 7 days.<br \/>\nMost patients feel well enough to resume regular activities after about a week. Your doctor will give you detailed information about physical activity restrictions. Don't hesitate to call your doctor if there are unusual situations between visits or if you have any questions about what you can do.<\/p>\n<p><span style=\"color: #800080;\"><em><strong>Frequently asked questions<\/strong><\/em><\/span><br \/>\n1. Where will Prominent Ear correction surgery be performed?<br \/>\nKep\u00e7e kulak d\u00fczeltme i\u015flemi, g\u00fcvenlik ve konforunuzun en \u00fcst seviyede sa\u011flanaca\u011f\u0131 hastanelerde yap\u0131lmaktad\u0131r. \u0130\u015flem yap\u0131lacak hastane se\u00e7enekleri muayene s\u0131ras\u0131nda size sunulacakt\u0131r.<\/p>\n<p>2. What are the anesthesia options?<br \/>\nKep\u00e7e kulak ameliyat\u0131, \u00e7ocuklarda genel anestezi alt\u0131nda yap\u0131l\u0131rken, eri\u015fkinde lokal anestezi e\u015fli\u011finde de g\u00fcvenle yap\u0131labilir.<\/p>\n<p>3. What is the recovery process like after surgery?<br \/>\nYou may have mild pain at the surgery site in the first 24 hours after your procedure. Your pain can be relieved with painkillers recommended by your doctor. There will be a bandage on the ears, and after a few days you will be monitored with smaller dressings. Stitches are removed after 1 week.<\/p>\n<p>4. How long does the surgery take?<br \/>\nSurgery takes 1-2 hours.<\/p>\n<p>5. When can we return to home\/work daily life?<br \/>\nIf surgery was performed under general anesthesia, it may be necessary to stay in hospital for 1 night. If you were operated under local anesthesia, you can be discharged on the same day.<\/p>\n<p>6. What happens to the social perception?<br \/>\nViews of you will change in a positive way. You will feel better too.<\/p>\n<p>7. Is the price expensive?<br \/>\nAlthough it may vary depending on the application to be made, both the competition between private hospitals and the widespread use of the application make the prices more affordable than in the past.<\/p>\n<p>8. Will there be any scars?<br \/>\nSince the scars will remain behind the ear, there will be no problem.<\/p>\n<p>9. There may be temporary loss of sensation. It is very rare if it is permanent.<\/p>\n<p><span style=\"color: #800080;\"><em><strong>For all your other questions and the most up-to-date price information;<\/strong><\/em><\/span><br \/>\nYou can immediately call +90 542 255 92 99,<br \/>\n<a href=\"https:\/\/www.diclesevuk.com\/en\/contact-us\/\">You can fill out the contact form by clicking here<\/a>,<br \/>\n<a href=\"mailto:info@diclesevuk.com\">info@diclesevuk.com<\/a>\u00a0You can send an e-mail to info@diclesevuk.com<\/p>","protected":false},"excerpt":{"rendered":"<p>\u2013 Kep\u00e7e kulak g\u00f6r\u00fcn\u00fcm\u00fcnden kurtulmak ister misiniz? Kep\u00e7e kulak yap\u0131s\u0131, \u00f6zellikle \u00e7ocukluk d\u00f6neminden itibaren ki\u015finin psikolojik olarak ve sosyal ya\u015famda olumsuz etkilenmesine yol a\u00e7abilir. Kep\u00e7e kulak, \u00e7ocukluk d\u00f6neminde de \u00f6zellikle okul \u00f6ncesi d\u00f6nemden itibaren cerrahi olarak d\u00fczeltilebilir ve \u00e7ocu\u011fun psikososyal geli\u015fimde olumlu katk\u0131 sa\u011flar. \u0130lk ad\u0131m: Muayene \u0130lk randevunuz, kep\u00e7e kulak d\u00fczeltilmesi i\u00e7in ilk ad\u0131md\u0131r. &hellip;<\/p>","protected":false},"author":1,"featured_media":0,"parent":0,"menu_order":0,"comment_status":"closed","ping_status":"closed","template":"","meta":{"footnotes":""},"class_list":["post-1378","page","type-page","status-publish","hentry"],"_links":{"self":[{"href":"https:\/\/www.diclesevuk.com\/en\/wp-json\/wp\/v2\/pages\/1378"}],"collection":[{"href":"https:\/\/www.diclesevuk.com\/en\/wp-json\/wp\/v2\/pages"}],"about":[{"href":"https:\/\/www.diclesevuk.com\/en\/wp-json\/wp\/v2\/types\/page"}],"author":[{"embeddable":true,"href":"https:\/\/www.diclesevuk.com\/en\/wp-json\/wp\/v2\/users\/1"}],"replies":[{"embeddable":true,"href":"https:\/\/www.diclesevuk.com\/en\/wp-json\/wp\/v2\/comments?post=1378"}],"version-history":[{"count":7,"href":"https:\/\/www.diclesevuk.com\/en\/wp-json\/wp\/v2\/pages\/1378\/revisions"}],"predecessor-version":[{"id":1720,"href":"https:\/\/www.diclesevuk.com\/en\/wp-json\/wp\/v2\/pages\/1378\/revisions\/1720"}],"wp:attachment":[{"href":"https:\/\/www.diclesevuk.com\/en\/wp-json\/wp\/v2\/media?parent=1378"}],"curies":[{"name":"wp","href":"https:\/\/api.w.org\/{rel}","templated":true}]}}