{"id":1371,"date":"2019-07-25T11:17:08","date_gmt":"2019-07-25T08:17:08","guid":{"rendered":"http:\/\/www.diclesevuk.com\/?page_id=1371"},"modified":"2019-09-19T16:22:19","modified_gmt":"2019-09-19T13:22:19","slug":"meme-kanseri-tedavisinde-meme-onarimi","status":"publish","type":"page","link":"https:\/\/www.diclesevuk.com\/en\/meme-kanseri-tedavisinde-meme-onarimi\/","title":{"rendered":"Breast reconstruction in breast cancer treatment"},"content":{"rendered":"<p style=\"text-align: center;\"><span style=\"color: #800080;\"><b><i>\u00a0<\/i><\/b><\/span><\/p>\n<p><img loading=\"lazy\" decoding=\"async\" class=\"size-medium wp-image-832 alignleft\" src=\"https:\/\/www.diclesevuk.com\/wp-content\/uploads\/2016\/07\/woman-1468955_640-300x293.jpg\" alt=\"\" width=\"300\" height=\"293\" srcset=\"https:\/\/www.diclesevuk.com\/wp-content\/uploads\/2016\/07\/woman-1468955_640-300x293.jpg 300w, https:\/\/www.diclesevuk.com\/wp-content\/uploads\/2016\/07\/woman-1468955_640-600x585.jpg 600w, https:\/\/www.diclesevuk.com\/wp-content\/uploads\/2016\/07\/woman-1468955_640.jpg 640w\" sizes=\"(max-width: 300px) 100vw, 300px\" \/><\/p>\n<p><span style=\"font-weight: 400;\">In breast cancer treatment, repair of breast tissue lost through cancer surgery is very important for the patient, both cosmetically and psychologically. <\/span><\/p>\n<p><span style=\"font-weight: 400;\">Patients who undergo breast reconstruction feel better both physically and spiritually and fight the disease stronger. <\/span><\/p>\n<p><span style=\"font-weight: 400;\">Patients who undergo breast reconstruction are evaluated by a general surgeon, medical oncologist and radiation oncologist who specialize in breast diseases before breast reconstruction, and the most appropriate treatment for the patient is determined and followed up after the operation. <\/span><\/p>\n<p><span style=\"font-weight: 400;\">Breast reconstruction can be performed in two ways: simultaneously with cancer surgery or after cancer surgery and subsequent necessary chemotherapy and\/or radiotherapy are completed. <\/span><\/p>\n<p><span style=\"font-weight: 400;\">The patient and the team consisting of the entire surgeon, medical oncologist and radiation oncologist involved in the cancer treatment process will decide together when the repair surgery will be performed.\u00a0<\/span><\/p>\n<p><span style=\"font-weight: 400;\"><a href=\"https:\/\/www.diclesevuk.com\/en\/op-dr-dicle-sevuk-hakkinda\/\">Dr. Dicle Sev\u00fck<\/a>, provides the highest level of care and treatment, from your initial consultation to your post-operative appointments.<\/span><\/p>\n<p><span style=\"color: #800080;\"><em><strong>Step one: Inspection<\/strong><\/em><\/span><\/p>\n<p><span style=\"font-weight: 400;\">At your first meeting, it is important to clearly discuss your expectations with your doctor and listen to her opinion.\u00a0<\/span><\/p>\n<p><span style=\"font-weight: 400;\">Before breast reconstruction surgery, your doctor evaluates the opinions of cancer surgeons, medical oncology and radiation oncology specialists. During your first examination, your doctor will be sure to have all the tests performed since your diagnosis of cancer, pathology reports, and reports of the surgery you have undergone or the treatments you have received.<\/span><\/p>\n<p><em><strong><span style=\"color: #800080;\">Step two: Preparation<\/span><\/strong><\/em><\/p>\n<p><span style=\"font-weight: 400;\">If simultaneous repair or delayed repair is planned, the most appropriate repair method for your body is determined. Breast reconstruction can be performed using your own tissues (breast reconstruction with autologous tissues) or silicone prosthesis. Your doctor will inform you about timing and details of surgical methods, risks and long-term results.<\/span><\/p>\n<p><em><strong><span style=\"color: #800080;\">Step three: Options<\/span><\/strong><\/em><\/p>\n<p><span style=\"font-weight: 400;\">For simultaneous or late-term (after your treatment is completed) breast reconstruction, repair can be made using your own tissues (breast reconstruction from autologous tissue) or silicone prosthesis. Your doctor will decide which surgical method is suitable; The doctor will decide by evaluating the opinions of you and other doctors during the cancer treatment process.<\/span><\/p>\n<p><em><span style=\"color: #800080;\"><strong>Step four: Risks<\/strong><\/span><\/em><\/p>\n<p><span style=\"font-weight: 400;\">Depending on the method chosen, the risks and long-term results will be explained by your doctor. It is a priority to determine the time of breast reconstruction and the surgical method to be chosen.\u00a0<\/span><\/p>\n<p><em><strong><span style=\"color: #800080;\">Frequently asked questions<\/span><\/strong><\/em><\/p>\n<p><span style=\"font-weight: 400;\">1. Where will the surgery be performed?<\/span><\/p>\n<p><span style=\"font-weight: 400;\">Breast reconstruction surgeries are serious and long-lasting surgeries that require team work. For this reason, it is performed in operating rooms with full-fledged and modern technological equipment.<\/span><\/p>\n<p>2. What are the anesthesia options?<\/p>\n<p><span style=\"font-weight: 400;\">Breast reconstruction surgeries are performed under general anesthesia.\u00a0<\/span><\/p>\n<p><span style=\"font-weight: 400;\">3. Is the prosthesis used in repairs made with a prosthesis safe?<\/span><\/p>\n<p><span style=\"font-weight: 400;\">Yes, the prostheses used are FDA approved and safe.<\/span><\/p>\n<p><span style=\"font-weight: 400;\">4. What is the recovery process like after surgery?<\/span><\/p>\n<p><span style=\"font-weight: 400;\">The healing process varies depending on the method chosen. Once the method and timing are determined, your doctor will inform you.<\/span><\/p>\n<p><em><span style=\"color: #800080;\"><strong>For all your other questions and the most up-to-date price information;\u00a0<\/strong><\/span><\/em><br \/>\n<span style=\"font-weight: 400;\">You can immediately call +90 542 255 92 99,\u00a0<\/span><br \/>\n<span style=\"font-weight: 400;\"><a href=\"https:\/\/www.diclesevuk.com\/en\/contact-us\/\">You can fill out the contact form by clicking here<\/a>,\u00a0<\/span><br \/>\n<a href=\"mailto:info@diclesevuk.com\"><span style=\"font-weight: 400;\">info@diclesevuk.com<\/span><\/a><span style=\"font-weight: 400;\"> You can send an e-mail to info@diclesevuk.com<\/span><\/p>","protected":false},"excerpt":{"rendered":"<p>\u00a0 Meme kanseri tedavisinde kanser cerrahisi ile kaybedilen meme dokusunun onar\u0131m\u0131 hasta i\u00e7in hem kozmetik hem de psikolojik a\u00e7\u0131dan \u00e7ok \u00f6nemlidir. Meme onar\u0131m\u0131 yap\u0131lan hastalar hem fiziksel hem ruhsal a\u00e7\u0131dan kendilerini daha iyi hissederler ve hastal\u0131kla daha g\u00fc\u00e7l\u00fc m\u00fccadele ederler. Meme onar\u0131m\u0131 yap\u0131lan hastalar meme onar\u0131m\u0131 \u00f6ncesinde hasta meme hastal\u0131klar\u0131 konusunda uzman genel cerrah, medikal &hellip;<\/p>","protected":false},"author":1,"featured_media":0,"parent":0,"menu_order":0,"comment_status":"closed","ping_status":"closed","template":"","meta":{"footnotes":""},"class_list":["post-1371","page","type-page","status-publish","hentry"],"_links":{"self":[{"href":"https:\/\/www.diclesevuk.com\/en\/wp-json\/wp\/v2\/pages\/1371"}],"collection":[{"href":"https:\/\/www.diclesevuk.com\/en\/wp-json\/wp\/v2\/pages"}],"about":[{"href":"https:\/\/www.diclesevuk.com\/en\/wp-json\/wp\/v2\/types\/page"}],"author":[{"embeddable":true,"href":"https:\/\/www.diclesevuk.com\/en\/wp-json\/wp\/v2\/users\/1"}],"replies":[{"embeddable":true,"href":"https:\/\/www.diclesevuk.com\/en\/wp-json\/wp\/v2\/comments?post=1371"}],"version-history":[{"count":8,"href":"https:\/\/www.diclesevuk.com\/en\/wp-json\/wp\/v2\/pages\/1371\/revisions"}],"predecessor-version":[{"id":1566,"href":"https:\/\/www.diclesevuk.com\/en\/wp-json\/wp\/v2\/pages\/1371\/revisions\/1566"}],"wp:attachment":[{"href":"https:\/\/www.diclesevuk.com\/en\/wp-json\/wp\/v2\/media?parent=1371"}],"curies":[{"name":"wp","href":"https:\/\/api.w.org\/{rel}","templated":true}]}}