{"id":1358,"date":"2019-07-25T10:48:12","date_gmt":"2019-07-25T07:48:12","guid":{"rendered":"http:\/\/www.diclesevuk.com\/?page_id=1358"},"modified":"2024-05-05T23:44:04","modified_gmt":"2024-05-05T20:44:04","slug":"dudak-dolgusu","status":"publish","type":"page","link":"https:\/\/www.diclesevuk.com\/en\/dudak-dolgusu\/","title":{"rendered":"Lip filler"},"content":{"rendered":"<p style=\"text-align: center;\"><span style=\"color: #800080;\"><strong><em>\u2013 Do you want a younger look on your face?<\/em><\/strong><\/span><\/p>\n<p><img loading=\"lazy\" decoding=\"async\" class=\"wp-image-683 alignleft\" src=\"http:\/\/www.diclesevuk.com\/wp-content\/uploads\/2016\/06\/misska-1429544-e1466433212510-300x252.jpg\" alt=\"misska-1429544\" width=\"279\" height=\"234\" srcset=\"https:\/\/www.diclesevuk.com\/wp-content\/uploads\/2016\/06\/misska-1429544-e1466433212510-300x252.jpg 300w, https:\/\/www.diclesevuk.com\/wp-content\/uploads\/2016\/06\/misska-1429544-e1466433212510-600x504.jpg 600w, https:\/\/www.diclesevuk.com\/wp-content\/uploads\/2016\/06\/misska-1429544-e1466433212510-768x645.jpg 768w, https:\/\/www.diclesevuk.com\/wp-content\/uploads\/2016\/06\/misska-1429544-e1466433212510-1024x860.jpg 1024w, https:\/\/www.diclesevuk.com\/wp-content\/uploads\/2016\/06\/misska-1429544-e1466433212510.jpg 1518w\" sizes=\"(max-width: 279px) 100vw, 279px\" \/><\/p>\n<p>Fillers can be applied to strengthen your lips, fill the hollows under the eyes, shape your cheeks and chin, eliminate fine lines on the lips, etc.<\/p>\n<p>There are many different fillers containing hyaluronic acid to choose from today. Each serves the same purpose, but some are best for certain areas of the face. Additionally, some last longer than others.<\/p>\n<p><a href=\"https:\/\/www.diclesevuk.com\/en\/op-dr-dicle-sevuk-hakkinda\/\">Dr. Dicle Sev\u00fck<\/a>, offers aesthetic and artistic approaches with its applications.<\/p>\n<p>&nbsp;<\/p>\n<p><span style=\"color: #993366;\"><em><strong>How effective is the filler?<\/strong><\/em><\/span><br \/>\nYoung skin is rich in molecules called collagen and Hylauronic Acid (HA). As we age, many factors, such as sun damage and smoking, reduce our skin's ability to produce these molecules. By filling the area with HA loss, the filler both gives volume and enables the production of your body's own natural collagen.<\/p>\n<p><span style=\"color: #993366;\"><em><strong>What are the side effects?<\/strong><\/em><\/span><br \/>\nYou may notice temporary swelling, tightness, pain, bruising, or lumps in the treated area. It varies on everyone's skin, but these side effects may take up to a week to resolve. To reduce swelling, we recommend applying ice or using a bruising gel prescribed by your doctor. If bruising occurs, it may take up to two weeks to resolve. If necessary, concealer can be applied on the day of treatment.<br \/>\nOther possible side effects include infection, itching, severe allergies, and discoloration. If you experience any of these side effects, please call our office.<\/p>\n<p><span style=\"color: #993366;\"><em><strong>Who should not use it?<\/strong><\/em><\/span><br \/>\nThose who are allergic or hypersensitive, have an infection in the area to be applied, are pregnant or breastfeeding should not use it.<\/p>\n<p><span style=\"color: #993366;\"><em><strong>What should be done before treatment?<\/strong><\/em><\/span><br \/>\nBe sure to tell your doctor if you are taking any medications, have allergies, or have a medical condition. To avoid the side effects of bruising and swelling, if possible, avoid taking aspirin, ibuprofen, alcohol or high doses of vitamin E for up to seven days before the application.<\/p>\n<p><span style=\"color: #993366;\"><em><strong>How to apply?<\/strong><\/em><\/span><br \/>\nAfter applying a local anesthetic cream, a very special thin needle is used to inject it into your skin. If necessary, ice can also be applied before application to reduce discomfort.<\/p>\n<p><span style=\"color: #993366;\"><em><strong>What to do after application?<\/strong><\/em><\/span><br \/>\nDo not massage the injection sites or press them against your skin. This can cause bruising and swelling. We also recommend that you avoid strenuous exercise, aspirin, ibuprofen, alcohol and direct sunlight on the day of application.<\/p>\n<p><span style=\"color: #993366;\"><em><strong>When will the application results be noticed?<\/strong><\/em><\/span><br \/>\nResults may vary from person to person. Sometimes the effect is seen in a short time, while sometimes it may take a week or two for the full effect to be seen. You can see that the fine lines begin to fade immediately after the procedure. If there is a situation that requires touch-up, please call our office to make an appointment.<\/p>\n<p><span style=\"color: #993366;\"><em><strong>Can we have this application done in many places outside?<\/strong><\/em><\/span><br \/>\nIn many news seen in the media, it is seen that botox and other injections performed by people who are not competent in medical practice cause very serious health problems.<br \/>\n<a href=\"https:\/\/www.sozcu.com.tr\/2017\/saglik\/insaat-silikonu-kullanmislar-2026723\/\">https:\/\/www.sozcu.com.tr\/2017\/saglik\/insaat-silikonu-kullanmislar-2026723\/<\/a><br \/>\n<a href=\"https:\/\/www.haberturk.com\/saglik\/haber\/1480956-hemsire-merve-keles-sahte-dudak-dolgusu-yuzunden-dudaklarini-kaybedebilir\">https:\/\/www.haberturk.com\/saglik\/haber\/1480956-hemsire-merve-keles-sahte-dudak-dolgusu-yuzunden-dudaklarini-kaybedebilir<\/a><\/p>\n<p><span style=\"color: #993366;\"><em><strong>For all your other questions and the most up-to-date price information;<\/strong><\/em><\/span><br \/>\nYou can immediately call +90 542 255 92 99,<br \/>\n<a href=\"https:\/\/www.diclesevuk.com\/en\/contact-us\/\">You can fill out the contact form by clicking here<\/a>,<br \/>\n<a href=\"mailto:info@diclesevuk.com\">info@diclesevuk.com<\/a> You can send an e-mail to info@diclesevuk.com<\/p>","protected":false},"excerpt":{"rendered":"<p>\u2013 Y\u00fcz\u00fcn\u00fczde daha gen\u00e7 bir g\u00f6r\u00fcn\u00fcm ister misiniz? Dudaklar\u0131n\u0131z\u0131 g\u00fc\u00e7lendirmek, g\u00f6zlerin alt\u0131ndaki oyuklar\u0131 doldurmak veya yanaklar\u0131n\u0131z\u0131 ve \u00e7eneyi \u015fekillendirmek, dudak \u00fcst\u00fcndeki ince \u00e7izgileri yok etmek vb ihtiya\u00e7lar\u0131n\u0131z i\u00e7in dolgu uygulamas\u0131 yap\u0131labilir. G\u00fcn\u00fcm\u00fczde aralar\u0131ndan se\u00e7im yapabilece\u011finiz hyal\u00fcronik asit i\u00e7eren bir\u00e7ok farkl\u0131 dolgu var. Her biri ayn\u0131 amaca hizmet eder, ancak baz\u0131lar\u0131 y\u00fcz\u00fcn belirli b\u00f6lgeleri i\u00e7in en &hellip;<\/p>","protected":false},"author":1,"featured_media":0,"parent":0,"menu_order":0,"comment_status":"closed","ping_status":"closed","template":"","meta":{"footnotes":""},"class_list":["post-1358","page","type-page","status-publish","hentry"],"_links":{"self":[{"href":"https:\/\/www.diclesevuk.com\/en\/wp-json\/wp\/v2\/pages\/1358"}],"collection":[{"href":"https:\/\/www.diclesevuk.com\/en\/wp-json\/wp\/v2\/pages"}],"about":[{"href":"https:\/\/www.diclesevuk.com\/en\/wp-json\/wp\/v2\/types\/page"}],"author":[{"embeddable":true,"href":"https:\/\/www.diclesevuk.com\/en\/wp-json\/wp\/v2\/users\/1"}],"replies":[{"embeddable":true,"href":"https:\/\/www.diclesevuk.com\/en\/wp-json\/wp\/v2\/comments?post=1358"}],"version-history":[{"count":3,"href":"https:\/\/www.diclesevuk.com\/en\/wp-json\/wp\/v2\/pages\/1358\/revisions"}],"predecessor-version":[{"id":1704,"href":"https:\/\/www.diclesevuk.com\/en\/wp-json\/wp\/v2\/pages\/1358\/revisions\/1704"}],"wp:attachment":[{"href":"https:\/\/www.diclesevuk.com\/en\/wp-json\/wp\/v2\/media?parent=1358"}],"curies":[{"name":"wp","href":"https:\/\/api.w.org\/{rel}","templated":true}]}}