{"id":1352,"date":"2019-07-25T10:43:34","date_gmt":"2019-07-25T07:43:34","guid":{"rendered":"http:\/\/www.diclesevuk.com\/?page_id=1352"},"modified":"2024-05-05T23:38:59","modified_gmt":"2024-05-05T20:38:59","slug":"el-terlemesi-tedavisi","status":"publish","type":"page","link":"https:\/\/www.diclesevuk.com\/en\/el-terlemesi-tedavisi\/","title":{"rendered":"Hand sweating treatment"},"content":{"rendered":"<p style=\"text-align: center;\"><strong><span style=\"color: #800080;\"><em>\u2013 Do you want a solution to your sweaty hands? <\/em><\/span><\/strong><\/p>\n<p><img loading=\"lazy\" decoding=\"async\" class=\"wp-image-734 alignleft\" src=\"https:\/\/www.diclesevuk.com\/wp-content\/uploads\/2016\/06\/sea-person-holiday-vacation-e1468603303847-300x223.jpg\" alt=\"\" width=\"371\" height=\"276\" srcset=\"https:\/\/www.diclesevuk.com\/wp-content\/uploads\/2016\/06\/sea-person-holiday-vacation-e1468603303847-300x223.jpg 300w, https:\/\/www.diclesevuk.com\/wp-content\/uploads\/2016\/06\/sea-person-holiday-vacation-e1468603303847.jpg 563w\" sizes=\"(max-width: 371px) 100vw, 371px\" \/><\/p>\n<p>Excessive sweating in the hands can negatively affect social life and even business life in writing and drawing works. With Botox application, excessive hand sweating can be eliminated without deteriorating hand functions.<\/p>\n<p>Botox (or botox) and Dysport are current neurotoxins approved for cosmetic rejuvenation. In the United States, the FDA approved the use of Botox in 2002 and Dysport in 2009.<\/p>\n<p>It is obtained from a purified protein fragment found in a bacterium called Clostridium botulinum. The effects are quite similar.<\/p>\n<p><span style=\"font-weight: 400;\"><a href=\"https:\/\/www.diclesevuk.com\/en\/op-dr-dicle-sevuk-hakkinda\/\">Dr. Dicle Sev\u00fck<\/a>, offers aesthetic and artistic approaches with its applications.<\/span><\/p>\n<p><span style=\"color: #993366;\"><em><strong>How is Botox effective?<\/strong><\/em><\/span><br \/>\nThe proteins block local receptor sites that cause muscle activity. As a result, the treated area will fill in between the lines for a period of time.<\/p>\n<p><span style=\"color: #993366;\"><em><strong>Does it have any side effects?<\/strong><\/em><\/span><br \/>\nWhen this product is injected into the skin, there is a possibility of some bruising and swelling at the injection site. This is a temporary and normal side effect that will resolve over time. Applying gentle pressure and using ice to the affected area after the procedure can reduce bruising and swelling. If necessary, concealer can be applied on the day of treatment. Severe side effects are rare, but if you experience any, please call.<\/p>\n<p><span style=\"color: #993366;\"><em><strong>Who should not use it?<\/strong><\/em><\/span><br \/>\nThose who have used Botox or Dysport before but are allergic or hypersensitive, have an infection related to the area to be treated, are pregnant or breastfeeding should not use it.<\/p>\n<p><span style=\"color: #993366;\"><em><strong>What should be done before treatment?<\/strong><\/em><\/span><br \/>\nBe sure to tell your doctor if you are taking any medications, have allergies, or have a medical condition. To avoid the side effects of bruising and swelling, if possible, avoid taking aspirin, ibuprofen, alcohol or high doses of vitamin E for up to seven days before the application.<\/p>\n<p><span style=\"color: #993366;\"><em><strong>How to apply?<\/strong><\/em><\/span><br \/>\nA very special thin needle is used to inject it into your skin. If necessary, ice can also be applied before application to reduce discomfort.<\/p>\n<p><span style=\"color: #993366;\"><em><strong>What to do after application?<\/strong><\/em><\/span><br \/>\nDo not massage the injection sites or press them against your skin. This can cause bruising and swelling. We also recommend that you avoid strenuous exercise, aspirin, ibuprofen, alcohol and direct sunlight on the day of application.<\/p>\n<p><span style=\"color: #993366;\"><em><strong>When will the application results be noticed?<\/strong><\/em><\/span><br \/>\nResults may vary from person to person. Sometimes the effect is seen within two days, while sometimes it may take a week or two for the full effect to be seen. You will definitely see that the muscles begin to relax and the fine lines begin to fade. If there is a situation that requires retouching, please call our clinic for an appointment.<\/p>\n<p><span style=\"color: #993366;\"><em><strong>Can we have this application done in many places outside?<\/strong><\/em><\/span><br \/>\nIn many news seen in the media, it is seen that botox and other injections performed by people who are not competent in medical practice cause very serious health problems.<br \/>\n<a href=\"https:\/\/www.sozcu.com.tr\/2017\/saglik\/insaat-silikonu-kullanmislar-2026723\/\">https:\/\/www.sozcu.com.tr\/2017\/saglik\/insaat-silikonu-kullanmislar-2026723\/<\/a><br \/>\n<a href=\"https:\/\/www.haberturk.com\/saglik\/haber\/1480956-hemsire-merve-keles-sahte-dudak-dolgusu-yuzunden-dudaklarini-kaybedebilir\">https:\/\/www.haberturk.com\/saglik\/haber\/1480956-hemsire-merve-keles-sahte-dudak-dolgusu-yuzunden-dudaklarini-kaybedebilir<\/a><\/p>\n<p><em><strong><span style=\"color: #993366;\">For all your other questions and the most up-to-date price information;<\/span><\/strong><\/em><br \/>\nYou can immediately call +90 542 255 92 99,<br \/>\n<a href=\"https:\/\/www.diclesevuk.com\/en\/contact-us\/\">You can fill out the contact form by clicking here<\/a>,<br \/>\n<a href=\"mailto:info@diclesevuk.com\">info@diclesevuk.com<\/a> You can send an e-mail to info@diclesevuk.com<\/p>","protected":false},"excerpt":{"rendered":"<p>&#8211; Ellerinizin terlemesine \u00e7\u00f6z\u00fcm ister misiniz? Ellerde a\u015f\u0131r\u0131 terleme, sosyal hayat\u0131 ve hatta yaz\u0131 ve \u00e7izim yap\u0131lan i\u015flerde i\u015f hayat\u0131n\u0131 olumsuz etkileyebilmektedir. Botoks uygulamas\u0131 ile a\u015f\u0131r\u0131 el terlemesi, el fonksiyonlar\u0131 bozulmadan giderilebilir. Botox (veya botoks) ve Dysport kozmetik gen\u00e7le\u015ftirme i\u00e7in onaylanm\u0131\u015f mevcut n\u00f6rotoksinlerdir. Amerika Birle\u015fik Devletleri&#8217;nde FDA, 2002&#8217;de Botox&#8217;un, 2009&#8217;da Dysport\u2019un kullan\u0131m\u0131n\u0131 onaylad\u0131. Clostridium botulinum &hellip;<\/p>","protected":false},"author":1,"featured_media":0,"parent":0,"menu_order":0,"comment_status":"closed","ping_status":"closed","template":"","meta":{"footnotes":""},"class_list":["post-1352","page","type-page","status-publish","hentry"],"_links":{"self":[{"href":"https:\/\/www.diclesevuk.com\/en\/wp-json\/wp\/v2\/pages\/1352"}],"collection":[{"href":"https:\/\/www.diclesevuk.com\/en\/wp-json\/wp\/v2\/pages"}],"about":[{"href":"https:\/\/www.diclesevuk.com\/en\/wp-json\/wp\/v2\/types\/page"}],"author":[{"embeddable":true,"href":"https:\/\/www.diclesevuk.com\/en\/wp-json\/wp\/v2\/users\/1"}],"replies":[{"embeddable":true,"href":"https:\/\/www.diclesevuk.com\/en\/wp-json\/wp\/v2\/comments?post=1352"}],"version-history":[{"count":11,"href":"https:\/\/www.diclesevuk.com\/en\/wp-json\/wp\/v2\/pages\/1352\/revisions"}],"predecessor-version":[{"id":1699,"href":"https:\/\/www.diclesevuk.com\/en\/wp-json\/wp\/v2\/pages\/1352\/revisions\/1699"}],"wp:attachment":[{"href":"https:\/\/www.diclesevuk.com\/en\/wp-json\/wp\/v2\/media?parent=1352"}],"curies":[{"name":"wp","href":"https:\/\/api.w.org\/{rel}","templated":true}]}}