{"id":1344,"date":"2019-07-25T10:33:01","date_gmt":"2019-07-25T07:33:01","guid":{"rendered":"http:\/\/www.diclesevuk.com\/?page_id=1344"},"modified":"2024-05-05T23:35:35","modified_gmt":"2024-05-05T20:35:35","slug":"yuz-ovalini-olusturma","status":"publish","type":"page","link":"https:\/\/www.diclesevuk.com\/en\/yuz-ovalini-olusturma\/","title":{"rendered":"Face oval design"},"content":{"rendered":"<p style=\"text-align: center;\"><strong><span style=\"color: #800080;\"><em>\u2013 Do you want a younger look on your face? <\/em><\/span><\/strong><\/p>\n<p><img loading=\"lazy\" decoding=\"async\" class=\"wp-image-683 alignleft\" src=\"http:\/\/www.diclesevuk.com\/wp-content\/uploads\/2016\/06\/misska-1429544-e1466433212510-300x252.jpg\" alt=\"misska-1429544\" width=\"329\" height=\"276\" srcset=\"https:\/\/www.diclesevuk.com\/wp-content\/uploads\/2016\/06\/misska-1429544-e1466433212510-300x252.jpg 300w, https:\/\/www.diclesevuk.com\/wp-content\/uploads\/2016\/06\/misska-1429544-e1466433212510-600x504.jpg 600w, https:\/\/www.diclesevuk.com\/wp-content\/uploads\/2016\/06\/misska-1429544-e1466433212510-768x645.jpg 768w, https:\/\/www.diclesevuk.com\/wp-content\/uploads\/2016\/06\/misska-1429544-e1466433212510-1024x860.jpg 1024w, https:\/\/www.diclesevuk.com\/wp-content\/uploads\/2016\/06\/misska-1429544-e1466433212510.jpg 1518w\" sizes=\"(max-width: 329px) 100vw, 329px\" \/><\/p>\n<p><span style=\"font-weight: 400;\">While creating the facial oval, the chewing muscle (masseter muscle) located at the corners of the jaw may be very developed structurally or due to clenching the teeth. Overdeveloped masseter muscle gives the face a square shape, that is, a more masculine (masculine) appearance. With the application of masseter muscle botox, the muscle is temporarily weakened and a more oval facial appearance is achieved.<\/span><\/p>\n<p>Botox (or botox) and Dysport are current neurotoxins approved for cosmetic rejuvenation. In the United States, the FDA approved the use of Botox in 2002 and Dysport in 2009.<\/p>\n<p>It is obtained from a purified protein fragment found in a bacterium called Clostridium botulinum. The effects are quite similar.<\/p>\n<p><span style=\"font-weight: 400;\"><a href=\"https:\/\/www.diclesevuk.com\/en\/op-dr-dicle-sevuk-hakkinda\/\">Dr. Dicle Sev\u00fck<\/a>, offers aesthetic and artistic approaches with its applications.<\/span><\/p>\n<p><span style=\"color: #993366;\"><em><strong>How is Botox effective?<\/strong><\/em><\/span><br \/>\nThe proteins block local receptor sites that cause muscle activity. As a result, the treated area will fill in between the lines for a period of time.<\/p>\n<p><span style=\"color: #993366;\"><em><strong>Does it have any side effects?<\/strong><\/em><\/span><br \/>\nWhen this product is injected into the skin, there is a possibility of some bruising and swelling at the injection site. This is a temporary and normal side effect that will resolve over time. Applying gentle pressure and using ice to the affected area after the procedure can reduce bruising and swelling. If necessary, concealer can be applied on the day of treatment. Severe side effects are rare, but if you experience any, please call.<\/p>\n<p><span style=\"color: #993366;\"><em><strong>Who should not use it?<\/strong><\/em><\/span><br \/>\nThose who have used Botox or Dysport before but are allergic or hypersensitive, have an infection related to the area to be treated, are pregnant or breastfeeding should not use it.<\/p>\n<p><span style=\"color: #993366;\"><em><strong>What should be done before treatment?<\/strong><\/em><\/span><br \/>\nBe sure to tell your doctor if you are taking any medications, have allergies, or have a medical condition. To avoid the side effects of bruising and swelling, if possible, avoid taking aspirin, ibuprofen, alcohol or high doses of vitamin E for up to seven days before the application.<\/p>\n<p><span style=\"color: #993366;\"><em><strong>How to apply?<\/strong><\/em><\/span><br \/>\nA very special thin needle is used to inject it into your skin. If necessary, ice can also be applied before application to reduce discomfort.<\/p>\n<p><span style=\"color: #993366;\"><em><strong>What to do after application?<\/strong><\/em><\/span><br \/>\nDo not massage the injection sites or press them against your skin. This can cause bruising and swelling. We also recommend that you avoid strenuous exercise, aspirin, ibuprofen, alcohol and direct sunlight on the day of application.<\/p>\n<p><span style=\"color: #993366;\"><em><strong>When will the application results be noticed?<\/strong><\/em><\/span><br \/>\nResults may vary from person to person. Sometimes the effect is seen within two days, while sometimes it may take a week or two for the full effect to be seen. You will definitely see that the muscles begin to relax and the fine lines begin to fade. If there is a situation that requires retouching, please call our clinic for an appointment.<\/p>\n<p><span style=\"color: #993366;\"><em><strong>Can we have this application done in many places outside?<\/strong><\/em><\/span><br \/>\nIn many news seen in the media, it is seen that botox and other injections performed by people who are not competent in medical practice cause very serious health problems.<br \/>\n<a href=\"https:\/\/www.sozcu.com.tr\/2017\/saglik\/insaat-silikonu-kullanmislar-2026723\/\">https:\/\/www.sozcu.com.tr\/2017\/saglik\/insaat-silikonu-kullanmislar-2026723\/<\/a><br \/>\n<a href=\"https:\/\/www.haberturk.com\/saglik\/haber\/1480956-hemsire-merve-keles-sahte-dudak-dolgusu-yuzunden-dudaklarini-kaybedebilir\">https:\/\/www.haberturk.com\/saglik\/haber\/1480956-hemsire-merve-keles-sahte-dudak-dolgusu-yuzunden-dudaklarini-kaybedebilir<\/a><\/p>\n<p><em><strong><span style=\"color: #993366;\">For all your other questions and the most up-to-date price information;<\/span><\/strong><\/em><br \/>\nYou can immediately call +90 542 255 92 99,<br \/>\n<a href=\"https:\/\/www.diclesevuk.com\/en\/contact-us\/\">You can fill out the contact form by clicking here<\/a>,<br \/>\n<a href=\"mailto:info@diclesevuk.com\">info@diclesevuk.com<\/a> You can send an e-mail to info@diclesevuk.com<\/p>","protected":false},"excerpt":{"rendered":"<p>&#8211; Y\u00fcz\u00fcn\u00fczde daha gen\u00e7 bir g\u00f6r\u00fcn\u00fcm ister misiniz? Y\u00fcz ovalini olu\u015fturulurken \u00e7ene k\u00f6\u015felerinde yerle\u015fik \u00e7i\u011fneme kas\u0131 (masseter kas\u0131) yap\u0131sal olarak veya di\u015f s\u0131kmaya ba\u011fl\u0131 \u00e7ok geli\u015fmi\u015f olabilir. A\u015f\u0131r\u0131 geli\u015fmi\u015f masseter kas\u0131, y\u00fcze kare \u015fekil yani daha mask\u00fclen (erkeksi) bir g\u00f6r\u00fcn\u00fcm verir. Masseter kas\u0131 botoks uygulamas\u0131 ile kas ge\u00e7ici olarak zay\u0131flat\u0131l\u0131r ve daha oval bir y\u00fcz &hellip;<\/p>","protected":false},"author":1,"featured_media":0,"parent":0,"menu_order":0,"comment_status":"closed","ping_status":"closed","template":"","meta":{"footnotes":""},"class_list":["post-1344","page","type-page","status-publish","hentry"],"_links":{"self":[{"href":"https:\/\/www.diclesevuk.com\/en\/wp-json\/wp\/v2\/pages\/1344"}],"collection":[{"href":"https:\/\/www.diclesevuk.com\/en\/wp-json\/wp\/v2\/pages"}],"about":[{"href":"https:\/\/www.diclesevuk.com\/en\/wp-json\/wp\/v2\/types\/page"}],"author":[{"embeddable":true,"href":"https:\/\/www.diclesevuk.com\/en\/wp-json\/wp\/v2\/users\/1"}],"replies":[{"embeddable":true,"href":"https:\/\/www.diclesevuk.com\/en\/wp-json\/wp\/v2\/comments?post=1344"}],"version-history":[{"count":11,"href":"https:\/\/www.diclesevuk.com\/en\/wp-json\/wp\/v2\/pages\/1344\/revisions"}],"predecessor-version":[{"id":1695,"href":"https:\/\/www.diclesevuk.com\/en\/wp-json\/wp\/v2\/pages\/1344\/revisions\/1695"}],"wp:attachment":[{"href":"https:\/\/www.diclesevuk.com\/en\/wp-json\/wp\/v2\/media?parent=1344"}],"curies":[{"name":"wp","href":"https:\/\/api.w.org\/{rel}","templated":true}]}}