{"id":1226,"date":"2019-03-15T15:55:37","date_gmt":"2019-03-15T12:55:37","guid":{"rendered":"http:\/\/www.diclesevuk.com\/?page_id=1226"},"modified":"2024-05-05T22:02:37","modified_gmt":"2024-05-05T19:02:37","slug":"nevus-ben-aldirma","status":"publish","type":"page","link":"https:\/\/www.diclesevuk.com\/en\/nevus-ben-aldirma\/","title":{"rendered":"Nevus removal"},"content":{"rendered":"<p><span style=\"color: #993366;\"><em><strong>What is Nevus?<\/strong><\/em><\/span><br \/>\nA nevus is a black or brown growth on the skin. It is very common; In fact, most people have 10-40 nevi on their skin before the age of 25. The vast majority are completely harmless. However, if one shows certain symptoms, it may have developed into melanoma or skin cancer. In this case it should be removed immediately.<\/p>\n<p><span style=\"color: #993366;\"><em><strong>What are the characteristics and causes of nevus?<\/strong><\/em><\/span><br \/>\nIt first appears in childhood, but there are also so-called congenital nevi that appear at birth. They can often change slowly over the years, changing color, rising, or disappearing altogether.<\/p>\n<p>Nevus are clusters of melanocytes, which are cells that contain the protein melanin, which gives your skin its color. In general, melanocytes are evenly distributed throughout the skin, but when a patch of skin contains a larger than normal concentration of melanocytes it becomes a nevus.<\/p>\n<p><span style=\"color: #993366;\"><strong><em>When is a nevus a sign of skin cancer?<\/em><\/strong><\/span><br \/>\nWhen evaluating a nevus' potential to become cancerous, the following signs are examined:<br \/>\n\u2013 Asymmetry: Benign is symmetrical, cancerous is not symmetrical.<br \/>\n\u2013 Border: If it is benign, it has clearly defined borders, while if it is cancerous, it has irregular, blurry or ragged edges.<br \/>\n\u2013 Color: If it is benign, it has a uniform color, whereas if it is cancerous, it shows color changes with shades of brown, skin color, blue, black, red or white.<br \/>\n\u2013 Diameter: A healthy one should be no larger than the eraser on the top of a pencil.<br \/>\n\u2013 Change: Change in shape, size or color is important.<br \/>\nIf you observe any of these signs; have it checked immediately.<\/p>\n<p><a href=\"https:\/\/www.diclesevuk.com\/en\/op-dr-dicle-sevuk-hakkinda\/\">Dr. Dicle Sev\u00fck<\/a>, provides the highest level of care and treatment, from your first consultation to your subsequent appointments.<\/p>\n<p><span style=\"color: #993366;\"><em><strong>Step one: Chat and examination<\/strong><\/em><\/span><br \/>\nMuayeneniz ilk ad\u0131md\u0131r. Dr. Dicle Sev\u00fck, t\u00fcm sorular\u0131n\u0131z\u0131n ve varsa endi\u015felerinizin ele al\u0131naca\u011f\u0131, rahatlat\u0131c\u0131 bir sohbet ortam\u0131 sa\u011flamaktad\u0131r. Kons\u00fcltasyonunuzda, nev\u00fcsleriniz kontrol edilir ve birlikte hangilerinin al\u0131n\u0131p al\u0131nmayaca\u011f\u0131, ne \u015fekilde al\u0131naca\u011f\u0131 de\u011ferlendirilir.<\/p>\n<p><span style=\"color: #993366;\"><em><strong>Step two: Preparation and application<\/strong><\/em><\/span><br \/>\nDepending on its size and location, it can be removed by shaving or excision. Small ones can be shaved easily. If it is to be removed surgically, local anesthesia is applied to the area where the nevus is located. It is then removed and stitches are placed to make the scar very light.<\/p>\n<p><span style=\"color: #993366;\"><em><strong>Step three: Options<\/strong><\/em><\/span><br \/>\nWhether or not a laboratory evaluation will be performed after the procedure and depending on your preference, Dr. Dicle Sev\u00fck will inform you.<\/p>\n<p><span style=\"color: #993366;\"><em><strong>Frequently asked questions<\/strong><\/em><\/span><br \/>\n1. Where will the procedure take place?<br \/>\n\u0130\u015flem konforunuzun en \u00fcst seviyede sa\u011flanaca\u011f\u0131 muayenehanemizde yap\u0131lmaktad\u0131r.<\/p>\n<p>2. What are the anesthesia options?<br \/>\nIt is performed under local anesthesia.<\/p>\n<p>3. What is the recovery process like?<br \/>\nIt may vary depending on the procedure performed. Stitches can be removed after about 1 week. Starting 24 hours after the procedure, you can take a shower by running water over it without touching it directly.<\/p>\n<p>4. How long does the process take?<br \/>\nProcessing time is around 15 minutes.<\/p>\n<p>5. Is the price expensive?<br \/>\nBoth the competition between private hospitals and the widespread use of the practice make prices more affordable than in the past.<\/p>\n<p>6. Will there be any scars?<br \/>\nIt varies depending on the treated surface and the amount of tissue removed; Dr. Dicle Sev\u00fck will inform you.<\/p>\n<p><span style=\"color: #993366;\"><em><strong>For all your questions and the most up-to-date price information;<\/strong><\/em><\/span><br \/>\nYou can immediately call +90 542 255 92 99,<br \/>\n<a href=\"https:\/\/www.diclesevuk.com\/en\/contact-us\/\">You can fill out the contact form by clicking here<\/a>,<br \/>\n<a href=\"\/en\/info@diclesevuk.com\/\">info@diclesevuk.com<\/a> You can send an e-mail to info@diclesevuk.com<\/p>","protected":false},"excerpt":{"rendered":"<p>Nev\u00fcs (Ben) nedir? Bir nev\u00fcs ciltte siyah veya kahverengi bir b\u00fcy\u00fcmedir. \u00c7ok yayg\u0131nd\u0131r; asl\u0131nda, \u00e7o\u011fu insan 25 ya\u015f\u0131ndan \u00f6nce cildinde 10-40 nev\u00fcs vard\u0131r. B\u00fcy\u00fck \u00e7o\u011funlu\u011fu tamamen zarars\u0131zd\u0131r. Bununla birlikte, e\u011fer bir belli semptomlar g\u00f6sterirse, melanom veya cilt kanseri haline gelmi\u015f olabilir. Bu durumda derhal \u00e7\u0131kar\u0131lmal\u0131d\u0131r. Nev\u00fcslerin \u00f6zellikleri ve nedenleri nelerdir? \u0130lk \u00f6nce \u00e7ocuklukta g\u00f6r\u00fcl\u00fcr, ancak &hellip;<\/p>","protected":false},"author":1,"featured_media":0,"parent":0,"menu_order":0,"comment_status":"closed","ping_status":"closed","template":"","meta":{"footnotes":""},"class_list":["post-1226","page","type-page","status-publish","hentry"],"_links":{"self":[{"href":"https:\/\/www.diclesevuk.com\/en\/wp-json\/wp\/v2\/pages\/1226"}],"collection":[{"href":"https:\/\/www.diclesevuk.com\/en\/wp-json\/wp\/v2\/pages"}],"about":[{"href":"https:\/\/www.diclesevuk.com\/en\/wp-json\/wp\/v2\/types\/page"}],"author":[{"embeddable":true,"href":"https:\/\/www.diclesevuk.com\/en\/wp-json\/wp\/v2\/users\/1"}],"replies":[{"embeddable":true,"href":"https:\/\/www.diclesevuk.com\/en\/wp-json\/wp\/v2\/comments?post=1226"}],"version-history":[{"count":4,"href":"https:\/\/www.diclesevuk.com\/en\/wp-json\/wp\/v2\/pages\/1226\/revisions"}],"predecessor-version":[{"id":1692,"href":"https:\/\/www.diclesevuk.com\/en\/wp-json\/wp\/v2\/pages\/1226\/revisions\/1692"}],"wp:attachment":[{"href":"https:\/\/www.diclesevuk.com\/en\/wp-json\/wp\/v2\/media?parent=1226"}],"curies":[{"name":"wp","href":"https:\/\/api.w.org\/{rel}","templated":true}]}}